{"id":494,"date":"2024-06-06T01:48:41","date_gmt":"2024-06-06T01:48:41","guid":{"rendered":"https:\/\/epio.org.ar\/endio-epio-2024\/?page_id=494"},"modified":"2024-10-18T01:32:20","modified_gmt":"2024-10-18T01:32:20","slug":"aranceles","status":"publish","type":"page","link":"https:\/\/epio.org.ar\/endio-epio-2024\/aranceles\/","title":{"rendered":"Aranceles"},"content":{"rendered":"\t\t<div data-elementor-type=\"wp-page\" data-elementor-id=\"494\" class=\"elementor elementor-494\">\n\t\t\t\t<div class=\"elementor-element elementor-element-82cf0d9 e-flex e-con-boxed e-con e-parent\" data-id=\"82cf0d9\" data-element_type=\"container\">\n\t\t\t\t\t<div class=\"e-con-inner\">\n\t\t\t\t<div class=\"elementor-element elementor-element-0538888 elementor-widget elementor-widget-text-editor\" data-id=\"0538888\" data-element_type=\"widget\" data-widget_type=\"text-editor.default\">\n\t\t\t\t<div class=\"elementor-widget-container\">\n\t\t\t\t\t\t\t<div style=\"overflow-x: auto;\">\n<h4>Aranceles<\/h4>\n<table>\n<tbody>\n<tr>\n<td width=\"236\">\n<p style=\"text-align: center;\">Categor\u00eda<\/p>\n<\/td>\n<td width=\"94\">\n<p style=\"text-align: center;\">Anticipada<\/p>\n<p style=\"text-align: center;\">Hasta el 20\/09\/2024<\/p>\n<\/td>\n<td width=\"95\">\n<p style=\"text-align: center;\">Regular<\/p>\n<p style=\"text-align: center;\">Desde el 20\/09\/2024<\/p>\n<\/td>\n<\/tr>\n<tr>\n<td width=\"236\">Socio<\/td>\n<td width=\"94\">\n<p style=\"text-align: center;\">$ 30.000<\/p>\n<\/td>\n<td width=\"95\">\n<p style=\"text-align: center;\">$ 33.000<\/p>\n<\/td>\n<\/tr>\n<tr>\n<td width=\"236\">No socio<\/td>\n<td width=\"94\">\n<p style=\"text-align: center;\">$ 60.000<\/p>\n<\/td>\n<td width=\"95\">\n<p style=\"text-align: center;\">$ 66.000<\/p>\n<\/td>\n<\/tr>\n<tr>\n<td width=\"236\">Estudiante de posgrado socio<\/td>\n<td width=\"94\">\n<p style=\"text-align: center;\">$ 15.000<\/p>\n<\/td>\n<td width=\"95\">\n<p style=\"text-align: center;\">$ 16.500<\/p>\n<\/td>\n<\/tr>\n<tr>\n<td width=\"236\">Estudiante de posgrado no socio<\/td>\n<td width=\"94\">\n<p style=\"text-align: center;\">$ 30.000<\/p>\n<\/td>\n<td width=\"95\">\n<p style=\"text-align: center;\">$ 33.000<\/p>\n<\/td>\n<\/tr>\n<tr>\n<td width=\"236\">Estudiante de grado<\/td>\n<td width=\"94\">\n<p style=\"text-align: center;\">$ 10.000<\/p>\n<\/td>\n<td width=\"95\">\n<p style=\"text-align: center;\">$ 11.000<\/p>\n<\/td>\n<\/tr>\n<tr>\n<td width=\"236\">Extranjeros<\/td>\n<td width=\"94\">\n<p style=\"text-align: center;\">USD 60<\/p>\n<\/td>\n<td width=\"95\">\n<p style=\"text-align: center;\">USD 66<\/p>\n<\/td>\n<\/tr>\n<\/tbody>\n<\/table>\n<\/div>\t\t\t\t\t\t<\/div>\n\t\t\t\t<\/div>\n\t\t\t\t\t<\/div>\n\t\t\t\t<\/div>\n\t\t<div class=\"elementor-element elementor-element-a50fb34 e-flex e-con-boxed e-con e-parent\" data-id=\"a50fb34\" data-element_type=\"container\">\n\t\t\t\t\t<div class=\"e-con-inner\">\n\t\t\t\t<div class=\"elementor-element elementor-element-4fcb117 elementor-widget elementor-widget-text-editor\" data-id=\"4fcb117\" data-element_type=\"widget\" data-widget_type=\"text-editor.default\">\n\t\t\t\t<div class=\"elementor-widget-container\">\n\t\t\t\t\t\t\t<h5>Medios de pago<\/h5><p>Podr\u00e1s abonar el arancel de la inscripci\u00f3n bajo alguna de las siguientes modalidades:<\/p><p>\u25cf Transferencia a la cuenta banco Credicoop <br \/>CBU: 1910100455010004546446<\/p><p>\u25cf Transferencia a la cuenta Mercado Pago <br \/>CVU: 0000003100077960820304 Alias: ESCUELA.IO<\/p><p>\u25cf Para pagos del exterior: <br \/>Se debe solicitar generaci\u00f3n de link a Hern\u00e1n Guevel (heguevel@unc.edu.ar) <br \/>para transferencia a cuenta Wise banco Community Federal Savings Bank<br \/>N\u00famero: 8314251312<br \/>N\u00famero de ruta: 026073150 <br \/>Swift\/BIC: CMFGUS33<\/p><p>Te recomendamos que inicies el tr\u00e1mite de inscripci\u00f3n y pago con una anticipaci\u00f3n de 72 horas h\u00e1biles al inicio del congreso (pagos desde Argentina) y 120 horas h\u00e1biles al inicio del congreso (pagos del exterior), por los tiempos necesarios para ingresar los pagos y generar el alta en el sitio Web.<\/p><p>Ante cualquier dificultad, comunicate con nosotros escribiendo a: <strong><a href=\"mailto:secretaria.epio@eco.uncor.edu\">secretaria.epio@eco.uncor.edu<\/a> <\/strong>y <strong><a href=\"mailto:heguevel@unc.edu.ar\">heguevel@unc.edu.ar<\/a><\/strong><\/p>\t\t\t\t\t\t<\/div>\n\t\t\t\t<\/div>\n\t\t\t\t\t<\/div>\n\t\t\t\t<\/div>\n\t\t<div class=\"elementor-element elementor-element-d69376e e-con-full e-flex e-con e-parent\" data-id=\"d69376e\" data-element_type=\"container\" data-settings=\"{&quot;background_background&quot;:&quot;classic&quot;}\">\n\t\t\t\t<div class=\"elementor-element elementor-element-2f7aa40 elementor-widget elementor-widget-text-editor\" data-id=\"2f7aa40\" data-element_type=\"widget\" data-widget_type=\"text-editor.default\">\n\t\t\t\t<div class=\"elementor-widget-container\">\n\t\t\t\t\t\t\t<h4>Notas:<\/h4><ul><li>Al menos un autor de trabajo aceptado deber\u00e1 tener la inscripci\u00f3n anticipada paga para que el trabajo sea publicado en el sitio.<\/li><li>Cada autor con su inscripci\u00f3n tiene derecho a la presentaci\u00f3n de hasta <strong>dos <\/strong>trabajos. Cada trabajo adicional deber\u00e1 abonar una suma equivalente al 50% del valor de la inscripci\u00f3n de su categor\u00eda.<\/li><li>Para abonar el arancel de socio debe tener la cuota social 2024 al d\u00eda.<\/li><li>Los miembros o socios de SOBRAPO, SADIO, ICHIO, RED-M y EUREKA podr\u00e1n abonar la inscripci\u00f3n a valor socio en virtud de los convenios suscriptos, acreditando dicha condici\u00f3n.<\/li><li>Los estudiantes de posgrado y de grado de primera carrera deber\u00e1n acreditar dicha condici\u00f3n enviando certificado de alumno regular.<\/li><li>Se otorgar\u00e1 certificado a los inscriptos en car\u00e1cter de participante o expositor.<\/li><\/ul><p style=\"padding-left: 40px;\">Para m\u00e1s informaci\u00f3n dirigirse a:\u00a0<strong><a href=\"mailto:secretaria.epio@eco.uncor.edu\">secretaria.epio@eco.uncor.edu<\/a><\/strong><\/p>\t\t\t\t\t\t<\/div>\n\t\t\t\t<\/div>\n\t\t\t\t<\/div>\n\t\t<div class=\"elementor-element elementor-element-e6d6bbc e-flex e-con-boxed e-con e-parent\" data-id=\"e6d6bbc\" data-element_type=\"container\">\n\t\t\t\t\t<div class=\"e-con-inner\">\n\t\t\t\t<div class=\"elementor-element elementor-element-67cd6b1 elementor-widget elementor-widget-text-editor\" data-id=\"67cd6b1\" data-element_type=\"widget\" data-widget_type=\"text-editor.default\">\n\t\t\t\t<div class=\"elementor-widget-container\">\n\t\t\t\t\t\t\t<h4>Importante:\u00a0<\/h4><p>Los Anales del Congreso ser\u00e1n publicados con posterioridad al evento. Para que el trabajo sea publicado, al menos uno de los autores debe estar inscripto en el Congreso, abonar los aranceles correspondientes y defender el trabajo durante el evento.<\/p><p>Para m\u00e1s informaci\u00f3n dirigirse a:\u00a0<strong><a href=\"mailto:secretaria.epio@eco.uncor.edu\">secretaria.epio@eco.uncor.edu<\/a><\/strong><\/p>\t\t\t\t\t\t<\/div>\n\t\t\t\t<\/div>\n\t\t\t\t\t<\/div>\n\t\t\t\t<\/div>\n\t\t<div class=\"elementor-element elementor-element-1e294c5 e-flex e-con-boxed e-con e-parent\" data-id=\"1e294c5\" data-element_type=\"container\">\n\t\t\t\t\t<div class=\"e-con-inner\">\n\t\t\t\t\t<\/div>\n\t\t\t\t<\/div>\n\t\t\t\t<\/div>\n\t\t","protected":false},"excerpt":{"rendered":"<p>Aranceles Categor\u00eda Anticipada Hasta el 20\/09\/2024 Regular Desde el 20\/09\/2024 Socio $ 30.000 $ 33.000 No socio $ 60.000 $ 66.000 Estudiante de posgrado socio $ 15.000 $ 16.500 Estudiante de posgrado no socio $ 30.000 $ 33.000 Estudiante de grado $ 10.000 $ 11.000 Extranjeros USD 60 USD 66 Medios de pago Podr\u00e1s abonar [&hellip;]<\/p>\n","protected":false},"author":2,"featured_media":0,"parent":0,"menu_order":0,"comment_status":"closed","ping_status":"closed","template":"","meta":{"footnotes":""},"class_list":["post-494","page","type-page","status-publish","hentry"],"blocksy_meta":[],"_links":{"self":[{"href":"https:\/\/epio.org.ar\/endio-epio-2024\/wp-json\/wp\/v2\/pages\/494","targetHints":{"allow":["GET"]}}],"collection":[{"href":"https:\/\/epio.org.ar\/endio-epio-2024\/wp-json\/wp\/v2\/pages"}],"about":[{"href":"https:\/\/epio.org.ar\/endio-epio-2024\/wp-json\/wp\/v2\/types\/page"}],"author":[{"embeddable":true,"href":"https:\/\/epio.org.ar\/endio-epio-2024\/wp-json\/wp\/v2\/users\/2"}],"replies":[{"embeddable":true,"href":"https:\/\/epio.org.ar\/endio-epio-2024\/wp-json\/wp\/v2\/comments?post=494"}],"version-history":[{"count":109,"href":"https:\/\/epio.org.ar\/endio-epio-2024\/wp-json\/wp\/v2\/pages\/494\/revisions"}],"predecessor-version":[{"id":2939,"href":"https:\/\/epio.org.ar\/endio-epio-2024\/wp-json\/wp\/v2\/pages\/494\/revisions\/2939"}],"wp:attachment":[{"href":"https:\/\/epio.org.ar\/endio-epio-2024\/wp-json\/wp\/v2\/media?parent=494"}],"curies":[{"name":"wp","href":"https:\/\/api.w.org\/{rel}","templated":true}]}}