{"id":2489,"date":"2024-10-16T22:06:40","date_gmt":"2024-10-16T22:06:40","guid":{"rendered":"https:\/\/epio.org.ar\/endio-epio-2024\/?page_id=2489"},"modified":"2024-11-08T19:27:54","modified_gmt":"2024-11-08T19:27:54","slug":"sala-ii-sesion-de-trabajos-de-apoyo-multicriterio-a-la-decision","status":"publish","type":"page","link":"https:\/\/epio.org.ar\/endio-epio-2024\/sala-ii-sesion-de-trabajos-de-apoyo-multicriterio-a-la-decision\/","title":{"rendered":"Sala II &#8211; Sesi\u00f3n de\u00a0Trabajos de Apoyo multicriterio a la decisi\u00f3n"},"content":{"rendered":"\t\t<div data-elementor-type=\"wp-page\" data-elementor-id=\"2489\" class=\"elementor elementor-2489\">\n\t\t\t\t<div class=\"elementor-element elementor-element-5a507fa7 e-flex e-con-boxed e-con e-parent\" data-id=\"5a507fa7\" data-element_type=\"container\">\n\t\t\t\t\t<div class=\"e-con-inner\">\n\t\t\t\t<div class=\"elementor-element elementor-element-126ee8c5 elementor-widget elementor-widget-text-editor\" data-id=\"126ee8c5\" data-element_type=\"widget\" data-widget_type=\"text-editor.default\">\n\t\t\t\t<div class=\"elementor-widget-container\">\n\t\t\t\t\t\t\t<h3><span style=\"color: #333399;\">Sesi\u00f3n de\u00a0Trabajos de Apoyo multicriterio a la decisi\u00f3n<\/span><\/h3>\t\t\t\t\t\t<\/div>\n\t\t\t\t<\/div>\n\t\t\t\t<div class=\"elementor-element elementor-element-17b474ce elementor-widget elementor-widget-text-editor\" data-id=\"17b474ce\" data-element_type=\"widget\" data-widget_type=\"text-editor.default\">\n\t\t\t\t<div class=\"elementor-widget-container\">\n\t\t\t\t\t\t\t<h5><span style=\"color: #333399;\">Sala Virtual II &#8211; Viernes 10:30 a 12:00 hs.<\/span><\/h5>\t\t\t\t\t\t<\/div>\n\t\t\t\t<\/div>\n\t\t\t\t<div class=\"elementor-element elementor-element-db8b96f elementor-widget elementor-widget-text-editor\" data-id=\"db8b96f\" data-element_type=\"widget\" data-widget_type=\"text-editor.default\">\n\t\t\t\t<div class=\"elementor-widget-container\">\n\t\t\t\t\t\t\t<div style=\"overflow-x: auto;\"><table width=\"1442\"><tbody><tr><td width=\"77\">Trabajo<\/td><td width=\"332\">T\u00edtulo<\/td><td width=\"305\">Autores<\/td><td width=\"728\">Resumen<\/td><\/tr><tr><td>14<\/td><td width=\"332\">Selecci\u00f3n de instituciones beneficiarias del banco de alimentos Mar del Plata a trav\u00e9s de modelos multicriterio<\/td><td width=\"305\">Alejandra M. Esteban, Mar\u00eda Florencia Acevedo Basualdo, Claudia Z\u00e1rate y Mar\u00eda Betina Berardi (UNMDP)<\/td><td width=\"728\">El Banco de Alimentos Mar del Plata es una organizaci\u00f3n que tiene el objetivo de recolectar alimentos, en buen estado, que por alguna raz\u00f3n salen del circuito comercial para distribuirlos entre la poblaci\u00f3n vulnerable. En un estudio previo se detect\u00f3 que la organizaci\u00f3n cuenta con un equipo de trabajo que experimenta una alta rotaci\u00f3n y no posee procesos estandarizados. Adem\u00e1s, uno de los inconvenientes que se presenta es que, en general, la demanda supera a la oferta. Por lo tanto, se propuso desarrollar una herramienta que facilite la selecci\u00f3n de instituciones beneficiarias en forma objetiva, a trav\u00e9s de una combinaci\u00f3n de m\u00e9todos multicriterio. Se obtuvo una clasificaci\u00f3n de las instituciones que fue validada por los expertos.<\/td><\/tr><tr><td>29<\/td><td width=\"332\">Apoio \u00e0 sele\u00e7\u00e3o de projetos em uma institui\u00e7\u00e3o de ci\u00eancia, tecnologia e inova\u00e7\u00e3o para submiss\u00e3o a chamada p\u00fablica de fomento<\/td><td width=\"305\">Alberto de Paula Silva (ITA), Carolayne de Paula Ferreira Mota (UFPE), Jonatas Araujo de Almeida (UFPE) y Mischel Carmen Neyra Belderrain (ITA)<\/td><td width=\"728\">This paper presents the case of a science and technology institution that needs to select projects to submit to a public funding call. A multi-criteria decision support model was applied, considering the requirements of the call, the objectives, and the constraints of the proposing organization for the structuring and execution of the ranking model. The application of the PROMETHEE II method to the project portfolio resulted in an ordered list of projects to be subsequently evaluated and validated by the decision-makers. The applied model proved to be satisfactory in supporting the decision-makers in choosing the projects for submission to the call.<\/td><\/tr><tr><td>37<\/td><td width=\"332\">Evaluaci\u00f3n de los proveedores de cadenas en la empresa Equipotencia utilizando los m\u00e9todos de decisi\u00f3n multicriterio AHP y TOPSIS<\/td><td width=\"305\">Germ\u00e1n \u00c1lvarez-L\u00f3pez, Andry Catalina Ospina y Andr\u00e9s Castro (ITM)<\/td><td width=\"728\">La evaluaci\u00f3n de los proveedores es fundamental para cualquier empresa, pues \u00e9stos son parte crucial en la cadena de suministro y pueden afectar la calidad, el costo y la eficiencia de los productos y servicios de una compa\u00f1\u00eda. Por lo cual, en este trabajo se implementan los m\u00e9todos Proceso Anal\u00edtico Jer\u00e1rquico y TOPSIS, con el fin de evaluar los proveedores de cadenas de una empresa. Como parte de la metodolog\u00eda, se consultaron distintas fuentes bibliogr\u00e1ficas (art\u00edculos acad\u00e9micos, tesis, etc.) y se realizaron encuestas con actores clave de la empresa. Los resultados muestran la viabilidad y facilidad de la implementaci\u00f3n de estos m\u00e9todos como soporte a la toma de decisiones en la selecci\u00f3n y la evaluaci\u00f3n del desempe\u00f1o de los proveedores.<\/td><\/tr><tr><td>43<\/td><td width=\"332\">Propuesta de aplicaci\u00f3n de AHP en la elecci\u00f3n de carrera universitaria<\/td><td width=\"305\">Mar\u00eda R. Dos Reis y Mois\u00e9s Bueno (UNICEN)<\/td><td width=\"728\">Este trabajo tiene el objeto de brindar una herramienta frente a la problem\u00e1tica en la que se encuentra un potencial alumno al momento de la elegir su carrera universitaria. Es relevante que el individuo logre encontrar la opci\u00f3n que m\u00e1s se adapte a sus preferencias, no s\u00f3lo por el bienestar futuro, sino tambi\u00e9n para evitar problem\u00e1ticas t\u00edpicas durante el desarrollo de carrera tales como abandono, intermitencia, sentimientos de angustia, confusi\u00f3n y\/o frustraci\u00f3n, entre otras cuestiones.<br \/>Se presenta una soluci\u00f3n alternativa basada en el dise\u00f1o de un test de orientaci\u00f3n y en la aplicaci\u00f3n del m\u00e9todo AHP al proceso de selecci\u00f3n dentro de la oferta existente en la Universidad Nacional del Centro de la Provincia de Buenos Aires (UNICEN), sede Tandil.<\/td><\/tr><\/tbody><\/table><\/div>\t\t\t\t\t\t<\/div>\n\t\t\t\t<\/div>\n\t\t\t\t\t<\/div>\n\t\t\t\t<\/div>\n\t\t<div class=\"elementor-element elementor-element-7e785885 e-flex e-con-boxed e-con e-parent\" data-id=\"7e785885\" data-element_type=\"container\">\n\t\t\t\t\t<div class=\"e-con-inner\">\n\t\t\t\t<div class=\"elementor-element elementor-element-1a28941a elementor-widget elementor-widget-spacer\" data-id=\"1a28941a\" data-element_type=\"widget\" data-widget_type=\"spacer.default\">\n\t\t\t\t<div class=\"elementor-widget-container\">\n\t\t\t\t\t<div class=\"elementor-spacer\">\n\t\t\t<div class=\"elementor-spacer-inner\"><\/div>\n\t\t<\/div>\n\t\t\t\t<\/div>\n\t\t\t\t<\/div>\n\t\t\t\t\t<\/div>\n\t\t\t\t<\/div>\n\t\t\t\t<\/div>\n\t\t","protected":false},"excerpt":{"rendered":"<p>Sesi\u00f3n de\u00a0Trabajos de Apoyo multicriterio a la decisi\u00f3n Sala Virtual II &#8211; Viernes 10:30 a 12:00 hs. Trabajo T\u00edtulo Autores Resumen 14 Selecci\u00f3n de instituciones beneficiarias del banco de alimentos Mar del Plata a trav\u00e9s de modelos multicriterio Alejandra M. Esteban, Mar\u00eda Florencia Acevedo Basualdo, Claudia Z\u00e1rate y Mar\u00eda Betina Berardi (UNMDP) El Banco de [&hellip;]<\/p>\n","protected":false},"author":2,"featured_media":0,"parent":0,"menu_order":0,"comment_status":"closed","ping_status":"closed","template":"","meta":{"footnotes":""},"class_list":["post-2489","page","type-page","status-publish","hentry"],"blocksy_meta":[],"_links":{"self":[{"href":"https:\/\/epio.org.ar\/endio-epio-2024\/wp-json\/wp\/v2\/pages\/2489","targetHints":{"allow":["GET"]}}],"collection":[{"href":"https:\/\/epio.org.ar\/endio-epio-2024\/wp-json\/wp\/v2\/pages"}],"about":[{"href":"https:\/\/epio.org.ar\/endio-epio-2024\/wp-json\/wp\/v2\/types\/page"}],"author":[{"embeddable":true,"href":"https:\/\/epio.org.ar\/endio-epio-2024\/wp-json\/wp\/v2\/users\/2"}],"replies":[{"embeddable":true,"href":"https:\/\/epio.org.ar\/endio-epio-2024\/wp-json\/wp\/v2\/comments?post=2489"}],"version-history":[{"count":35,"href":"https:\/\/epio.org.ar\/endio-epio-2024\/wp-json\/wp\/v2\/pages\/2489\/revisions"}],"predecessor-version":[{"id":3330,"href":"https:\/\/epio.org.ar\/endio-epio-2024\/wp-json\/wp\/v2\/pages\/2489\/revisions\/3330"}],"wp:attachment":[{"href":"https:\/\/epio.org.ar\/endio-epio-2024\/wp-json\/wp\/v2\/media?parent=2489"}],"curies":[{"name":"wp","href":"https:\/\/api.w.org\/{rel}","templated":true}]}}