{"id":2433,"date":"2024-10-16T21:55:09","date_gmt":"2024-10-16T21:55:09","guid":{"rendered":"https:\/\/epio.org.ar\/endio-epio-2024\/?page_id=2433"},"modified":"2024-11-08T19:29:27","modified_gmt":"2024-11-08T19:29:27","slug":"sala-i-sesion-de-trabajos-de-evaluacion-de-eficiencia-y-productividad-y-de-apoyo-multicriterio-a-la-decision","status":"publish","type":"page","link":"https:\/\/epio.org.ar\/endio-epio-2024\/sala-i-sesion-de-trabajos-de-evaluacion-de-eficiencia-y-productividad-y-de-apoyo-multicriterio-a-la-decision\/","title":{"rendered":"Sala I &#8211; Sesi\u00f3n de\u00a0Trabajos de Evaluaci\u00f3n de eficiencia y productividad y de Apoyo multicriterio a la decisi\u00f3n"},"content":{"rendered":"\t\t<div data-elementor-type=\"wp-page\" data-elementor-id=\"2433\" class=\"elementor elementor-2433\">\n\t\t\t\t<div class=\"elementor-element elementor-element-5aa4ff26 e-flex e-con-boxed e-con e-parent\" data-id=\"5aa4ff26\" data-element_type=\"container\">\n\t\t\t\t\t<div class=\"e-con-inner\">\n\t\t\t\t<div class=\"elementor-element elementor-element-164fbec4 elementor-widget elementor-widget-text-editor\" data-id=\"164fbec4\" data-element_type=\"widget\" data-widget_type=\"text-editor.default\">\n\t\t\t\t<div class=\"elementor-widget-container\">\n\t\t\t\t\t\t\t<h3><span style=\"color: #333399;\">Sesi\u00f3n de Trabajos de Evaluaci\u00f3n de eficiencia y productividad y de Apoyo multicriterio a la decisi\u00f3n<\/span><\/h3>\t\t\t\t\t\t<\/div>\n\t\t\t\t<\/div>\n\t\t\t\t<div class=\"elementor-element elementor-element-3ad96811 elementor-widget elementor-widget-text-editor\" data-id=\"3ad96811\" data-element_type=\"widget\" data-widget_type=\"text-editor.default\">\n\t\t\t\t<div class=\"elementor-widget-container\">\n\t\t\t\t\t\t\t<h5><span style=\"color: #333399;\">Sala Virtual I &#8211; Jueves 10:30 a 12:00 hs.<\/span><\/h5>\t\t\t\t\t\t<\/div>\n\t\t\t\t<\/div>\n\t\t\t\t<div class=\"elementor-element elementor-element-4374790f elementor-widget elementor-widget-text-editor\" data-id=\"4374790f\" data-element_type=\"widget\" data-widget_type=\"text-editor.default\">\n\t\t\t\t<div class=\"elementor-widget-container\">\n\t\t\t\t\t\t\t<div style=\"overflow-x: auto;\"><table width=\"1442\"><tbody><tr><td width=\"77\">Trabajo<\/td><td width=\"332\">T\u00edtulo<\/td><td width=\"305\">Autores<\/td><td width=\"728\">Resumen<\/td><\/tr><tr><td>31<\/td><td width=\"332\">Eficiencia de los centros de educaci\u00f3n primaria rural. Una clasificaci\u00f3n basada en las holguras para un an\u00e1lisis inferencial<\/td><td width=\"305\">Patricia A. I\u00f1iguez, Juan Manuel Gallardo, Pablo Pagano, Mariana Arburua y Fernando Negro (UNRC)<\/td><td width=\"728\">Con el objetivo de mejorar la estimaci\u00f3n de la medida de eficiencia de los centros de educaci\u00f3n primaria de la modalidad rural, se eval\u00faa la eficiencia y la super eficiencia utilizando un modelo que resuelve el problema de la holgura ignorada en la determinaci\u00f3n del indicador de eficiencia. Para ello se selecciona el modelo Slacks Based Measure a retornos variables output orientado. Este facilita una mayor discriminaci\u00f3n con una equitativa clasificaci\u00f3n y un ordenamiento completo. Luego, se realiza un an\u00e1lisis inferencial no param\u00e9trico para observar si existen diferencias genuinas en los niveles de eficiencia entre distintas clases en las que se agrupan los centros considerando el a\u00f1o y el sector al que pertenecen, as\u00ed como tambi\u00e9n, algunas de las caracter\u00edsticas de los estudiantes.<\/td><\/tr><tr><td>12<\/td><td width=\"332\">Clasificaci\u00f3n ABC de desempe\u00f1o sobre la base de indicadores multicriterio<\/td><td width=\"305\">Sof\u00eda C. Cortaberr\u00eda y Miguel A. Curchod (UNC)<\/td><td width=\"728\">El objetivo de este trabajo es presentar el proceso de evaluaci\u00f3n de desempe\u00f1o de una empresa de salud en la Rep\u00fablica Argentina. Para ello, se combinan diversos instrumentos anal\u00edticos con el fin de realizar una clasificaci\u00f3n ABC de 262 l\u00edderes de la organizaci\u00f3n. Se utiliza la regla de distribuci\u00f3n forzada (20-70-10), sobre la base de indicadores proporcionados por los m\u00e9todos multicriterio MOORA y TOPSIS. Cada herramienta ofrece informaci\u00f3n valiosa y espec\u00edfica para implementar medidas de intervenci\u00f3n en las pol\u00edticas de personal. MOORA y TOPSIS brindan perspectivas complementarias que enriquecen el an\u00e1lisis. La integraci\u00f3n de estas herramientas permite una gesti\u00f3n del desempe\u00f1o m\u00e1s transparente y equitativa, resultando que la toma de decisiones sea m\u00e1s efectiva y alineada con las necesidades organizacionales.<\/td><\/tr><tr><td>50<\/td><td width=\"332\">\u00cdndice de desarrollo tur\u00edstico para la provincia de C\u00f3rdoba. An\u00e1lisis del efecto de diferentes m\u00e9todos de c\u00e1lculo de pesos<\/td><td width=\"305\">Hern\u00e1n P. Guevel, Josefina Racagni, Mariana Funes, Cecilia C\u00e1ceres y Ludmila Jarma (UNC)<\/td><td width=\"728\">El turismo es una de las principales actividades econ\u00f3micas de la provincia de C\u00f3rdoba, por lo que la medici\u00f3n sobre aspectos relativos a esta resulta relevante para diferentes grupos de inter\u00e9s. El Ministerio de Turismo y Deportes de la Naci\u00f3n, con el prop\u00f3sito de analizar el desarrollo tur\u00edstico de las regiones, publica un \u00cdndice Tur\u00edstico de Localidades (ITL), agregando un conjunto de indicadores con el m\u00e9todo de ponderaci\u00f3n lineal y empleando pesos arbitrarios.<br \/>Trabajando con sub-indicadores similares a los empleados en el ITL, se analizan los efectos de construir un indicador compuesto del desarrollo tur\u00edstico de localidades de la provincia de C\u00f3rdoba empleando dos m\u00e9todos diferentes de selecci\u00f3n objetiva de las ponderaciones de los diferentes criterios: CRITIC y Entrop\u00eda.<\/td><\/tr><tr><td>\u00a0<\/td><td>\u00a0<\/td><td>\u00a0<\/td><td>\u00a0<\/td><\/tr><\/tbody><\/table><\/div>\t\t\t\t\t\t<\/div>\n\t\t\t\t<\/div>\n\t\t\t\t\t<\/div>\n\t\t\t\t<\/div>\n\t\t<div class=\"elementor-element elementor-element-45adcb9 e-flex e-con-boxed e-con e-parent\" data-id=\"45adcb9\" data-element_type=\"container\">\n\t\t\t\t\t<div class=\"e-con-inner\">\n\t\t\t\t<div class=\"elementor-element elementor-element-2c540265 elementor-widget elementor-widget-spacer\" data-id=\"2c540265\" data-element_type=\"widget\" data-widget_type=\"spacer.default\">\n\t\t\t\t<div class=\"elementor-widget-container\">\n\t\t\t\t\t<div class=\"elementor-spacer\">\n\t\t\t<div class=\"elementor-spacer-inner\"><\/div>\n\t\t<\/div>\n\t\t\t\t<\/div>\n\t\t\t\t<\/div>\n\t\t\t\t\t<\/div>\n\t\t\t\t<\/div>\n\t\t\t\t<\/div>\n\t\t","protected":false},"excerpt":{"rendered":"<p>Sesi\u00f3n de Trabajos de Evaluaci\u00f3n de eficiencia y productividad y de Apoyo multicriterio a la decisi\u00f3n Sala Virtual I &#8211; Jueves 10:30 a 12:00 hs. Trabajo T\u00edtulo Autores Resumen 31 Eficiencia de los centros de educaci\u00f3n primaria rural. Una clasificaci\u00f3n basada en las holguras para un an\u00e1lisis inferencial Patricia A. I\u00f1iguez, Juan Manuel Gallardo, Pablo [&hellip;]<\/p>\n","protected":false},"author":2,"featured_media":0,"parent":0,"menu_order":0,"comment_status":"closed","ping_status":"closed","template":"","meta":{"footnotes":""},"class_list":["post-2433","page","type-page","status-publish","hentry"],"blocksy_meta":[],"_links":{"self":[{"href":"https:\/\/epio.org.ar\/endio-epio-2024\/wp-json\/wp\/v2\/pages\/2433","targetHints":{"allow":["GET"]}}],"collection":[{"href":"https:\/\/epio.org.ar\/endio-epio-2024\/wp-json\/wp\/v2\/pages"}],"about":[{"href":"https:\/\/epio.org.ar\/endio-epio-2024\/wp-json\/wp\/v2\/types\/page"}],"author":[{"embeddable":true,"href":"https:\/\/epio.org.ar\/endio-epio-2024\/wp-json\/wp\/v2\/users\/2"}],"replies":[{"embeddable":true,"href":"https:\/\/epio.org.ar\/endio-epio-2024\/wp-json\/wp\/v2\/comments?post=2433"}],"version-history":[{"count":39,"href":"https:\/\/epio.org.ar\/endio-epio-2024\/wp-json\/wp\/v2\/pages\/2433\/revisions"}],"predecessor-version":[{"id":3339,"href":"https:\/\/epio.org.ar\/endio-epio-2024\/wp-json\/wp\/v2\/pages\/2433\/revisions\/3339"}],"wp:attachment":[{"href":"https:\/\/epio.org.ar\/endio-epio-2024\/wp-json\/wp\/v2\/media?parent=2433"}],"curies":[{"name":"wp","href":"https:\/\/api.w.org\/{rel}","templated":true}]}}