{"id":2419,"date":"2024-10-16T21:50:39","date_gmt":"2024-10-16T21:50:39","guid":{"rendered":"https:\/\/epio.org.ar\/endio-epio-2024\/?page_id=2419"},"modified":"2024-11-08T19:28:53","modified_gmt":"2024-11-08T19:28:53","slug":"sala-ii-sesion-de-trabajos-de-administracion-de-la-produccion-sistemas-de-calidad","status":"publish","type":"page","link":"https:\/\/epio.org.ar\/endio-epio-2024\/sala-ii-sesion-de-trabajos-de-administracion-de-la-produccion-sistemas-de-calidad\/","title":{"rendered":"Sala II &#8211; Sesi\u00f3n de Trabajos de Administraci\u00f3n de la Producci\u00f3n &#8211; Sistemas de Calidad"},"content":{"rendered":"\t\t<div data-elementor-type=\"wp-page\" data-elementor-id=\"2419\" class=\"elementor elementor-2419\">\n\t\t\t\t<div class=\"elementor-element elementor-element-272f3f8b e-flex e-con-boxed e-con e-parent\" data-id=\"272f3f8b\" data-element_type=\"container\">\n\t\t\t\t\t<div class=\"e-con-inner\">\n\t\t\t\t<div class=\"elementor-element elementor-element-3781245a elementor-widget elementor-widget-text-editor\" data-id=\"3781245a\" data-element_type=\"widget\" data-widget_type=\"text-editor.default\">\n\t\t\t\t<div class=\"elementor-widget-container\">\n\t\t\t\t\t\t\t<h3><span style=\"color: #333399;\">Sesi\u00f3n de Trabajos de Administraci\u00f3n de la Producci\u00f3n &#8211; Sistemas de Calidad<\/span><\/h3>\t\t\t\t\t\t<\/div>\n\t\t\t\t<\/div>\n\t\t\t\t<div class=\"elementor-element elementor-element-71c7d096 elementor-widget elementor-widget-text-editor\" data-id=\"71c7d096\" data-element_type=\"widget\" data-widget_type=\"text-editor.default\">\n\t\t\t\t<div class=\"elementor-widget-container\">\n\t\t\t\t\t\t\t<h5><span style=\"color: #333399;\">Sala Virtual II &#8211; Mi\u00e9rcoles 16,00 a 17,30 hs.<\/span><\/h5>\t\t\t\t\t\t<\/div>\n\t\t\t\t<\/div>\n\t\t\t\t<div class=\"elementor-element elementor-element-ee8af1f elementor-widget elementor-widget-text-editor\" data-id=\"ee8af1f\" data-element_type=\"widget\" data-widget_type=\"text-editor.default\">\n\t\t\t\t<div class=\"elementor-widget-container\">\n\t\t\t\t\t\t\t<div style=\"overflow-x: auto;\"><table width=\"1442\"><tbody><tr><td width=\"77\">Trabajo<\/td><td width=\"332\">T\u00edtulo<\/td><td width=\"305\">Autores<\/td><td width=\"728\">Resumen<\/td><\/tr><tr><td>1<\/td><td width=\"332\">Seguimiento de la implementaci\u00f3n de propuestas de mejora en una PyME agroindustrial<\/td><td width=\"305\">Luciana S. Santille, Adolfo E. Onaine y Mariela B. Ambr\u00fastrolo (UNMDP)<\/td><td width=\"728\">El objetivo de este trabajo es presentar un seguimiento sobre las acciones llevadas a cabo a partir de las propuestas resultantes del Mapeo de la Cadena de Valor futuro en una empresa pyme marplatense. La organizaci\u00f3n se dedica a la producci\u00f3n y comercializaci\u00f3n de fertilizantes de base org\u00e1nica. La metodolog\u00eda utilizada consiste en recoger informaci\u00f3n documentada, realizar entrevistas con informantes claves y en la observaci\u00f3n directa de los procesos. A pesar de la coyuntura econ\u00f3mica presente, que genera una fuerte distorsi\u00f3n de precios y disminuci\u00f3n de la demanda del mercado, se ha podido avanzar sobre la implementaci\u00f3n de las propuestas realizadas.<\/td><\/tr><tr><td>32<\/td><td width=\"332\">Dise\u00f1o de intervenciones organizacionales con enfoque sist\u00e9mico. Relevamiento y diagn\u00f3stico de un sistema de mantenimiento<\/td><td width=\"305\">Jos\u00e9 Francisco Zanazzi, Daniel Pontelli y Jos\u00e9 Lu\u00eds Zanazzi (UNC)<\/td><td width=\"728\">Las organizaciones que gestionan procesos de producci\u00f3n est\u00e1n sujetas a problem\u00e1ticas complejas. Para abordarlas es necesario dise\u00f1ar intervenciones que a menudo son dif\u00edciles de comprender y comunicar. Este trabajo propone una aproximaci\u00f3n sist\u00e9mica, multiparadigm\u00e1tica y multimetodol\u00f3gica para dise\u00f1ar acciones que permitan mitigar los impactos que las fallas tienen en los procesos, basada en los sistemas nocionales de Mingers. Por ello, se dise\u00f1\u00f3 un cuestionario semiestructurado con preguntas cr\u00edticas referidas a las vinculaciones de esos sistemas. Se trabaj\u00f3 en una empresa farmac\u00e9utica mediante entrevistas personales con los responsables del proceso bajo estudio. Se lograron avances fundamentales: los integrantes identificaron las causas de la problem\u00e1tica y acordaron la necesidad de realizar acciones para modificar la situaci\u00f3n no deseada.<\/td><\/tr><tr><td>33<\/td><td width=\"332\">Modelos de intervenci\u00f3n para adaptar sistemas de gesti\u00f3n de activos a los requerimientos de la Norma ISO 55001<\/td><td width=\"305\">Jos\u00e9 Francisco Zanazzi, Daniel Pontelli y Jos\u00e9 Lu\u00eds Zanazzi (UNC)<\/td><td width=\"728\">La productividad de las empresas refiere a la capacidad de la organizaci\u00f3n para usar racionalmente los recursos disponibles, lo que se relaciona directamente con mejorar la disponibilidad del equipamiento y su empleo eficiente. Actualmente se impone el paradigma de Gesti\u00f3n de Activos, con una visi\u00f3n m\u00e1s amplia sobre el cuidado de los equipos, como un asunto estrat\u00e9gico integrado de la organizaci\u00f3n. Este trabajo tiene como prop\u00f3sito explorar los factores que permitan trabajar bajo este nuevo enfoque y facilitar la implementaci\u00f3n de un Sistema de Gesti\u00f3n de Activos, aplicando la Metodolog\u00eda de Sistemas Blandos en un caso real. Como resultado, se definen las transformaciones necesarias para lograr este prop\u00f3sito y se presenta una propuesta para la integraci\u00f3n y mejora del mantenimiento.<\/td><\/tr><tr><td>54<\/td><td width=\"332\">Revisi\u00f3n sistem\u00e1tica de literatura para la implementaci\u00f3n de la calidad 4.0 en la industria de embalajes sostenibles de aluminio<\/td><td width=\"305\">Fernanda Cristina Vilela (UNIFESP ITA), Mischel Carmen Neyra Belderrain (ITA) y N\u00edssia C. R. Carvalho Rosa Bergiante (UFF)<\/td><td width=\"728\">This article aims to analyze the interrelationships between problem structuring methods and the implementation of Quality 4.0 in the sustainable packaging industry. A systematic literature review (SLR) will be conducted following the Preferred Reporting Items for Systematic Reviews and Meta-Analyses (PRISMA 2020) protocol. The review adhered to PRISMA guidelines, including defining inclusion and exclusion criteria, conducting a comprehensive search in academic databases, and critically evaluating the selected studies. The findings indicate that, despite the growing interest in Quality 4.0, significant challenges remain, such as the lack of standardization, ineffective integration of advanced technologies, and a lack of specific studies on its application in sustainable aluminum packaging.<\/td><\/tr><\/tbody><\/table><\/div>\t\t\t\t\t\t<\/div>\n\t\t\t\t<\/div>\n\t\t\t\t\t<\/div>\n\t\t\t\t<\/div>\n\t\t<div class=\"elementor-element elementor-element-422017f1 e-flex e-con-boxed e-con e-parent\" data-id=\"422017f1\" data-element_type=\"container\">\n\t\t\t\t\t<div class=\"e-con-inner\">\n\t\t\t\t<div class=\"elementor-element elementor-element-7ec5132 elementor-widget elementor-widget-spacer\" data-id=\"7ec5132\" data-element_type=\"widget\" data-widget_type=\"spacer.default\">\n\t\t\t\t<div class=\"elementor-widget-container\">\n\t\t\t\t\t<div class=\"elementor-spacer\">\n\t\t\t<div class=\"elementor-spacer-inner\"><\/div>\n\t\t<\/div>\n\t\t\t\t<\/div>\n\t\t\t\t<\/div>\n\t\t\t\t\t<\/div>\n\t\t\t\t<\/div>\n\t\t\t\t<\/div>\n\t\t","protected":false},"excerpt":{"rendered":"<p>Sesi\u00f3n de Trabajos de Administraci\u00f3n de la Producci\u00f3n &#8211; Sistemas de Calidad Sala Virtual II &#8211; Mi\u00e9rcoles 16,00 a 17,30 hs. Trabajo T\u00edtulo Autores Resumen 1 Seguimiento de la implementaci\u00f3n de propuestas de mejora en una PyME agroindustrial Luciana S. Santille, Adolfo E. Onaine y Mariela B. Ambr\u00fastrolo (UNMDP) El objetivo de este trabajo es [&hellip;]<\/p>\n","protected":false},"author":2,"featured_media":0,"parent":0,"menu_order":0,"comment_status":"closed","ping_status":"closed","template":"","meta":{"footnotes":""},"class_list":["post-2419","page","type-page","status-publish","hentry"],"blocksy_meta":[],"_links":{"self":[{"href":"https:\/\/epio.org.ar\/endio-epio-2024\/wp-json\/wp\/v2\/pages\/2419","targetHints":{"allow":["GET"]}}],"collection":[{"href":"https:\/\/epio.org.ar\/endio-epio-2024\/wp-json\/wp\/v2\/pages"}],"about":[{"href":"https:\/\/epio.org.ar\/endio-epio-2024\/wp-json\/wp\/v2\/types\/page"}],"author":[{"embeddable":true,"href":"https:\/\/epio.org.ar\/endio-epio-2024\/wp-json\/wp\/v2\/users\/2"}],"replies":[{"embeddable":true,"href":"https:\/\/epio.org.ar\/endio-epio-2024\/wp-json\/wp\/v2\/comments?post=2419"}],"version-history":[{"count":39,"href":"https:\/\/epio.org.ar\/endio-epio-2024\/wp-json\/wp\/v2\/pages\/2419\/revisions"}],"predecessor-version":[{"id":3338,"href":"https:\/\/epio.org.ar\/endio-epio-2024\/wp-json\/wp\/v2\/pages\/2419\/revisions\/3338"}],"wp:attachment":[{"href":"https:\/\/epio.org.ar\/endio-epio-2024\/wp-json\/wp\/v2\/media?parent=2419"}],"curies":[{"name":"wp","href":"https:\/\/api.w.org\/{rel}","templated":true}]}}