{"id":2389,"date":"2024-10-16T21:45:04","date_gmt":"2024-10-16T21:45:04","guid":{"rendered":"https:\/\/epio.org.ar\/endio-epio-2024\/?page_id=2389"},"modified":"2024-11-08T19:23:43","modified_gmt":"2024-11-08T19:23:43","slug":"sala-2-sesion-de-trabajos-de-sistemas-de-calidad","status":"publish","type":"page","link":"https:\/\/epio.org.ar\/endio-epio-2024\/sala-2-sesion-de-trabajos-de-sistemas-de-calidad\/","title":{"rendered":"Sala 2 &#8211; Sesi\u00f3n de Trabajos de Sistemas de Calidad"},"content":{"rendered":"\t\t<div data-elementor-type=\"wp-page\" data-elementor-id=\"2389\" class=\"elementor elementor-2389\">\n\t\t\t\t<div class=\"elementor-element elementor-element-2ec6dcbd e-flex e-con-boxed e-con e-parent\" data-id=\"2ec6dcbd\" data-element_type=\"container\">\n\t\t\t\t\t<div class=\"e-con-inner\">\n\t\t\t\t<div class=\"elementor-element elementor-element-6f0cfd62 elementor-widget elementor-widget-text-editor\" data-id=\"6f0cfd62\" data-element_type=\"widget\" data-widget_type=\"text-editor.default\">\n\t\t\t\t<div class=\"elementor-widget-container\">\n\t\t\t\t\t\t\t<h3><span style=\"color: #333399;\">Sesi\u00f3n de Trabajos de Sistemas de Calidad<\/span><\/h3>\t\t\t\t\t\t<\/div>\n\t\t\t\t<\/div>\n\t\t\t\t<div class=\"elementor-element elementor-element-160a8409 elementor-widget elementor-widget-text-editor\" data-id=\"160a8409\" data-element_type=\"widget\" data-widget_type=\"text-editor.default\">\n\t\t\t\t<div class=\"elementor-widget-container\">\n\t\t\t\t\t\t\t<h5><span style=\"color: #333399;\">Sala Virtual II &#8211; Mi\u00e9rcoles 14 a 15:30 hs.<\/span><\/h5>\t\t\t\t\t\t<\/div>\n\t\t\t\t<\/div>\n\t\t\t\t<div class=\"elementor-element elementor-element-25d12feb elementor-widget elementor-widget-text-editor\" data-id=\"25d12feb\" data-element_type=\"widget\" data-widget_type=\"text-editor.default\">\n\t\t\t\t<div class=\"elementor-widget-container\">\n\t\t\t\t\t\t\t<div style=\"overflow-x: auto;\">\n<table width=\"1442\">\n<tbody>\n<tr>\n<td width=\"77\">Trabajo<\/td>\n<td width=\"332\">T\u00edtulo<\/td>\n<td width=\"305\">Autores<\/td>\n<td width=\"728\">Resumen<\/td>\n<\/tr>\n<tr>\n<td>6<\/td>\n<td width=\"332\">Modelo de gesti\u00f3n del ciclo de vida del servicio de sistemas POS<\/td>\n<td width=\"305\">Melany Ram\u00edrez, July Vanegas, Stefany Pulgar\u00edn, Ana Restrepo y Juan M. Cogollo (ITM)<\/td>\n<td width=\"728\">La gesti\u00f3n del ciclo de vida del servicio en el sector de los sistemas POS (Point of Sale) requiere el desarrollo frecuente de modelos que faciliten la mejora continua de la calidad del servicio y la disminuci\u00f3n de quejas, reclamos y retiro de los clientes. En el presente trabajo se propone un modelo de gesti\u00f3n del ciclo de vida del servicio en sistemas POS, iniciando con la caracterizaci\u00f3n de procesos y pr\u00e1cticas clave, continuando con la estructuraci\u00f3n de los elementos del modelo y finalizando con una propuesta del sistema de medici\u00f3n del desempe\u00f1o del modelo, donde se describen los objetivos, indicadores y frecuencias de medici\u00f3n luego de implementado el modelo.<\/td>\n<\/tr>\n<tr>\n<td>8<\/td>\n<td width=\"332\">Modelo de madurez de gesti\u00f3n de la calidad en una cadena de suministro del sector farmac\u00e9utico<\/td>\n<td width=\"305\">Kelly Posada, Jenny L\u00f3pez, Yurley Chaverra, Jean Mor\u00e1n y Juan M. Cogollo (ITM)<\/td>\n<td width=\"728\">Los modelos de madurez proporcionan un marco que permite a las empresas evaluar la alineaci\u00f3n de sus procesos con las mejores pr\u00e1cticas de la industria. Uno de los aspectos fundamentales es evaluar el nivel de madurez de las organizaciones, ya que esto influye directamente en los est\u00e1ndares de calidad y en la eficacia de la gesti\u00f3n empresarial. Este trabajo es propone un modelo de madurez para evaluar la gesti\u00f3n de la calidad en la cadena de suministro del sector farmac\u00e9utico, permitiendo una comprensi\u00f3n m\u00e1s profunda del nivel de desarrollo de la calidad e identificando oportunidades de mejora.<\/td>\n<\/tr>\n<tr>\n<td>38<\/td>\n<td width=\"332\">Planificaci\u00f3n de intervenciones organizacionales orientadas a definir planes de control y seguimiento<\/td>\n<td width=\"305\">Jos\u00e9 Francisco Zanazzi, Jos\u00e9 Luis Zanazzi y Daniel Pontelli (UNC)<\/td>\n<td width=\"728\">Las organizaciones de producci\u00f3n utilizan diferentes sistemas de gesti\u00f3n, como los de calidad y de gesti\u00f3n de activos, que comparten diversos conceptos. Entre los m\u00e1s relevantes se destaca la l\u00f3gica PDCA. Pero al implementarlos surgen fallas parciales y totales que impactan negativamente en la organizaci\u00f3n y sus integrantes. Ante esa realidad este trabajo analiza la conveniencia de trasferir herramientas de los sistemas de calidad a la implementaci\u00f3n de los denominados Sistemas de Gesti\u00f3n de Activos. El trabajo presenta una aplicaci\u00f3n real referida a la planificaci\u00f3n directiva en una empresa farmac\u00e9utica. Como resultado se logr\u00f3 conformar grupos participativos y planificar actividades que facilitan las transformaciones requeridas para mejorar el aprovechamiento de los activos de la organizaci\u00f3n.<\/td>\n<\/tr>\n<tr>\n<td>44<\/td>\n<td width=\"332\">Formulaci\u00f3n, evaluaci\u00f3n y gesti\u00f3n de proyectos para acciones de mejora complejas<\/td>\n<td width=\"305\">Jos\u00e9 Francisco Zanazzi, Jos\u00e9 Luis Zanazzi y Daniel Pontelli (UNC)<\/td>\n<td width=\"728\">Las empresas deben realizar acciones de mejora en sus procesos para potenciar su desempe\u00f1o. Esas intervenciones pueden ser de menor o mayor complejidad en relaci\u00f3n al tiempo de implementaci\u00f3n, recursos, participantes, etapas, m\u00e9todos, etc. Las intervenciones m\u00e1s sofisticadas requieren de una planificaci\u00f3n y programaci\u00f3n ambiciosa. Son iniciativas delicadas que pueden sufrir sesgos que afectan los avances y la productividad organizacional. Desde esta perspectiva se requiere de una formulaci\u00f3n espec\u00edfica. Este trabajo propone utilizar propuestas de la Administraci\u00f3n de Proyectos e incorporar algunas nuevas estrategias, como las reconocidas metodolog\u00edas \u00e1giles. La aplicaci\u00f3n de estos marcos permite potenciar las posibilidades \u00e9xito. Este documento muestra el desarrollo de un caso. En los resultados se formalizan t\u00e9cnicas para gestionar las transformaciones de manera flexible.<\/td>\n<\/tr>\n<\/tbody>\n<\/table>\n<\/div>\t\t\t\t\t\t<\/div>\n\t\t\t\t<\/div>\n\t\t\t\t\t<\/div>\n\t\t\t\t<\/div>\n\t\t<div class=\"elementor-element elementor-element-611019f8 e-flex e-con-boxed e-con e-parent\" data-id=\"611019f8\" data-element_type=\"container\">\n\t\t\t\t\t<div class=\"e-con-inner\">\n\t\t\t\t<div class=\"elementor-element elementor-element-6e28149a elementor-widget elementor-widget-spacer\" data-id=\"6e28149a\" data-element_type=\"widget\" data-widget_type=\"spacer.default\">\n\t\t\t\t<div class=\"elementor-widget-container\">\n\t\t\t\t\t<div class=\"elementor-spacer\">\n\t\t\t<div class=\"elementor-spacer-inner\"><\/div>\n\t\t<\/div>\n\t\t\t\t<\/div>\n\t\t\t\t<\/div>\n\t\t\t\t\t<\/div>\n\t\t\t\t<\/div>\n\t\t\t\t<\/div>\n\t\t","protected":false},"excerpt":{"rendered":"<p>Sesi\u00f3n de Trabajos de Sistemas de Calidad Sala Virtual II &#8211; Mi\u00e9rcoles 14 a 15:30 hs. Trabajo T\u00edtulo Autores Resumen 6 Modelo de gesti\u00f3n del ciclo de vida del servicio de sistemas POS Melany Ram\u00edrez, July Vanegas, Stefany Pulgar\u00edn, Ana Restrepo y Juan M. Cogollo (ITM) La gesti\u00f3n del ciclo de vida del servicio en [&hellip;]<\/p>\n","protected":false},"author":2,"featured_media":0,"parent":0,"menu_order":0,"comment_status":"closed","ping_status":"closed","template":"","meta":{"footnotes":""},"class_list":["post-2389","page","type-page","status-publish","hentry"],"blocksy_meta":[],"_links":{"self":[{"href":"https:\/\/epio.org.ar\/endio-epio-2024\/wp-json\/wp\/v2\/pages\/2389","targetHints":{"allow":["GET"]}}],"collection":[{"href":"https:\/\/epio.org.ar\/endio-epio-2024\/wp-json\/wp\/v2\/pages"}],"about":[{"href":"https:\/\/epio.org.ar\/endio-epio-2024\/wp-json\/wp\/v2\/types\/page"}],"author":[{"embeddable":true,"href":"https:\/\/epio.org.ar\/endio-epio-2024\/wp-json\/wp\/v2\/users\/2"}],"replies":[{"embeddable":true,"href":"https:\/\/epio.org.ar\/endio-epio-2024\/wp-json\/wp\/v2\/comments?post=2389"}],"version-history":[{"count":36,"href":"https:\/\/epio.org.ar\/endio-epio-2024\/wp-json\/wp\/v2\/pages\/2389\/revisions"}],"predecessor-version":[{"id":3303,"href":"https:\/\/epio.org.ar\/endio-epio-2024\/wp-json\/wp\/v2\/pages\/2389\/revisions\/3303"}],"wp:attachment":[{"href":"https:\/\/epio.org.ar\/endio-epio-2024\/wp-json\/wp\/v2\/media?parent=2389"}],"curies":[{"name":"wp","href":"https:\/\/api.w.org\/{rel}","templated":true}]}}