{"id":2361,"date":"2024-10-16T21:24:05","date_gmt":"2024-10-16T21:24:05","guid":{"rendered":"https:\/\/epio.org.ar\/endio-epio-2024\/?page_id=2361"},"modified":"2024-11-08T19:25:36","modified_gmt":"2024-11-08T19:25:36","slug":"sala-2-sesion-de-trabajos-de-io-soft","status":"publish","type":"page","link":"https:\/\/epio.org.ar\/endio-epio-2024\/sala-2-sesion-de-trabajos-de-io-soft\/","title":{"rendered":"Sala 2 &#8211; Sesi\u00f3n de Trabajos de IO Soft"},"content":{"rendered":"\t\t<div data-elementor-type=\"wp-page\" data-elementor-id=\"2361\" class=\"elementor elementor-2361\">\n\t\t\t\t<div class=\"elementor-element elementor-element-34d62a3e e-flex e-con-boxed e-con e-parent\" data-id=\"34d62a3e\" data-element_type=\"container\">\n\t\t\t\t\t<div class=\"e-con-inner\">\n\t\t\t\t<div class=\"elementor-element elementor-element-679aa38e elementor-widget elementor-widget-text-editor\" data-id=\"679aa38e\" data-element_type=\"widget\" data-widget_type=\"text-editor.default\">\n\t\t\t\t<div class=\"elementor-widget-container\">\n\t\t\t\t\t\t\t<h3><span style=\"color: #333399;\">Sesi\u00f3n de\u00a0Trabajos de IO Soft<\/span><\/h3>\t\t\t\t\t\t<\/div>\n\t\t\t\t<\/div>\n\t\t\t\t<div class=\"elementor-element elementor-element-bc69591 elementor-widget elementor-widget-text-editor\" data-id=\"bc69591\" data-element_type=\"widget\" data-widget_type=\"text-editor.default\">\n\t\t\t\t<div class=\"elementor-widget-container\">\n\t\t\t\t\t\t\t<h5><span style=\"color: #333399;\">Sala Virtual II &#8211; Mi\u00e9rcoles 10:30 a 12:00 hs.<\/span><\/h5>\t\t\t\t\t\t<\/div>\n\t\t\t\t<\/div>\n\t\t\t\t<div class=\"elementor-element elementor-element-5e6a90d6 elementor-widget elementor-widget-text-editor\" data-id=\"5e6a90d6\" data-element_type=\"widget\" data-widget_type=\"text-editor.default\">\n\t\t\t\t<div class=\"elementor-widget-container\">\n\t\t\t\t\t\t\t<div style=\"overflow-x: auto;\">\n<table width=\"1442\">\n<tbody>\n<tr>\n<td width=\"77\">Trabajo<\/td>\n<td width=\"332\">T\u00edtulo<\/td>\n<td width=\"305\">Autores<\/td>\n<td width=\"728\">Resumen<\/td>\n<\/tr>\n<tr>\n<td>22<\/td>\n<td width=\"332\">Desarrollo de un framework para dise\u00f1ar un sistema de educaci\u00f3n superior viable basado en la cibern\u00e9tica organizacional: Fases 1 y 2<\/td>\n<td width=\"305\">Mercedes S. Bustos, Francisco Crist\u00f3v\u00e3o Louren\u00e7o De Melo y Mischel Carmen Neyra Belderrain (ITA)<\/td>\n<td width=\"728\">La investigaci\u00f3n tiene como objetivo identificar y abordar problemas identificados en el sistema de educaci\u00f3n superior, utilizando la Cibern\u00e9tica Organizacional para mejorar su viabilidad sist\u00e9mica. Se desarrolla un framework que tiene como componente principal el Modelo de Sistemas Viables. El trabajo incluye la aplicaci\u00f3n del framework a un caso real, cubriendo las dos primeras fases. Las fases 1 y 2 del caso real aplicado han proporcionado evidencias para lograr mejorar una viabilidad sist\u00e9mica en una universidad en el contexto estudiado (la carrera de Ingenier\u00eda en una universidad privada del Per\u00fa). El avance en la aplicaci\u00f3n del framework ha mostrado resultados que permitir\u00e1n aplicarlo a cualquier universidad, para facilitar la resoluci\u00f3n de sus problemas en diferentes contextos institucionales<\/td>\n<\/tr>\n<tr>\n<td>34<\/td>\n<td width=\"332\">Problem structuring methods con apoyo de herramientas inform\u00e1ticas<\/td>\n<td width=\"305\">Natalia Cerda (UB), Mischel Carmen Neyra Belderrain (ITA) y Mar\u00eda Alejandra Castellini (UB)<\/td>\n<td width=\"728\">En este trabajo presentamos el estado de avance del Proyecto de Investigaci\u00f3n \u201cAportes multimetodol\u00f3gicos a procesos de gesti\u00f3n en problemas reales\u201d. Entre sus objetivos est\u00e1n: 1) la creaci\u00f3n de herramientas inform\u00e1ticas orientadas a m\u00e9todos no matem\u00e1ticos de Investigaci\u00f3n Operativa (IO) soft, que puedan ser utilizadas tanto en investigaci\u00f3n como en aplicaciones reales, y 2) la formaci\u00f3n de Recursos Humanos de las carreras de Ingenier\u00eda en Inform\u00e1tica y Tecnicatura de Programaci\u00f3n de Computadoras. Para lograrlos se plantea como metodolog\u00eda el trabajo en equipos de alumnos de estas carreras universitarias, guiados por los integrantes del proyecto, especialistas en m\u00e9todos de IO Soft e Inform\u00e1tica. Se elabora un plan de trabajo consensuado basado en la capacitaci\u00f3n en los m\u00e9todos y en la asistencia al desarrollo de los softwares. Se esperan lograr prototipos de software \u00fatiles en la aplicaci\u00f3n de los m\u00e9todos Soft System Methodology (SSM) y Strategic Choice Analysis (SCA) en el marco del paradigma soft de IO.<\/td>\n<\/tr>\n<tr>\n<td>35<\/td>\n<td width=\"332\">Aplica\u00e7\u00e3o da soft systems methodology (SSM) para a utiliza\u00e7\u00e3o do evtol como meio de transporte em grandes centros urbanos<\/td>\n<td width=\"305\">James B. L. B. Soares, Dante Ambr\u00f3sio, Nissia Bergiante y Mischel Carmen Neyra Belderrain (ITA)<\/td>\n<td width=\"728\">Os ve\u00edculos el\u00e9tricos de decolagem e pouso vertical (eVTOL) representam uma revolu\u00e7\u00e3o que promete transformar a mobilidade urbana. Esses ve\u00edculos surgem como uma alternativa eficiente e sustent\u00e1vel, visando solucionar os congestionamentos cr\u00f4nicos no tr\u00e1fego terrestre e superar os elevados custos e limita\u00e7\u00f5es operacionais dos modelos a\u00e9reos tradicionais. No entanto, a implementa\u00e7\u00e3o dos eVTOL na sociedade apresenta um desafio complexo, repleto de nuances que precisam ser abordadas para garantir sua viabilidade e assegurar que o processo ocorra de maneira harmoniosa, segura e integrada. Este artigo explora o problema atrav\u00e9s da Soft Systems Methodology (SSM), abordando-o como um sistema complexo que requer uma an\u00e1lise estruturada, buscando identificar possibilidades para a integra\u00e7\u00e3o dos eVTOL na sociedade, destacando as medidas necess\u00e1rias para uma implementa\u00e7\u00e3o bem-sucedida e sustent\u00e1vel.<\/td>\n<\/tr>\n<tr>\n<td>47<\/td>\n<td width=\"332\">Prioriza\u00e7\u00e3o de a\u00e7\u00f5es com o Value-Focused Thinking (VFT): O fortalecimento da Disciplina Consciente no Instituto Tecnol\u00f3gico de Aeron\u00e1utica<\/td>\n<td width=\"305\">Edson Muylaert (ITA), Filipe De Paulo, Arthur Macedo (ITA), Mischel Carmen Neyra Belderrain (ITA) y N\u00edssia C. R. Carvalho Rosa Bergiante (UFF)<\/td>\n<td width=\"728\">O estudo utiliza o Value-Focused Thinking (VFT) como m\u00e9todo de prioriza\u00e7\u00e3o de a\u00e7\u00f5es em um programa desenvolvido para o fortalecimento da Disciplina Consciente, m\u00e9todo de forma\u00e7\u00e3o \u00e9tica baseada em valores do ITA. Stakeholders foram identificados e entrevistas conduzidas para defini\u00e7\u00e3o de objetivos estrat\u00e9gicos e fundamentais, com apoio de documenta\u00e7\u00e3o institucional. Um mapa causal foi elaborado para hierarquiza\u00e7\u00e3o e consolida\u00e7\u00e3o dos objetivos. A contribui\u00e7\u00e3o de cada a\u00e7\u00e3o para atingimento dos objetivos foi coletada atrav\u00e9s de escala Likert, capturando a percep\u00e7\u00e3o de Stakeholders. A an\u00e1lise e discuss\u00e3o final dos resultados permitiram uma proposta de prioriza\u00e7\u00e3o das a\u00e7\u00f5es previstas no programa de fortalecimento institucional da DC em bases cient\u00edficas<\/td>\n<\/tr>\n<\/tbody>\n<\/table>\n<\/div>\t\t\t\t\t\t<\/div>\n\t\t\t\t<\/div>\n\t\t\t\t\t<\/div>\n\t\t\t\t<\/div>\n\t\t<div class=\"elementor-element elementor-element-65da4eaf e-flex e-con-boxed e-con e-parent\" data-id=\"65da4eaf\" data-element_type=\"container\">\n\t\t\t\t\t<div class=\"e-con-inner\">\n\t\t\t\t<div class=\"elementor-element elementor-element-2ddb4f8 elementor-widget elementor-widget-spacer\" data-id=\"2ddb4f8\" data-element_type=\"widget\" data-widget_type=\"spacer.default\">\n\t\t\t\t<div class=\"elementor-widget-container\">\n\t\t\t\t\t<div class=\"elementor-spacer\">\n\t\t\t<div class=\"elementor-spacer-inner\"><\/div>\n\t\t<\/div>\n\t\t\t\t<\/div>\n\t\t\t\t<\/div>\n\t\t\t\t\t<\/div>\n\t\t\t\t<\/div>\n\t\t\t\t<\/div>\n\t\t","protected":false},"excerpt":{"rendered":"<p>Sesi\u00f3n de\u00a0Trabajos de IO Soft Sala Virtual II &#8211; Mi\u00e9rcoles 10:30 a 12:00 hs. Trabajo T\u00edtulo Autores Resumen 22 Desarrollo de un framework para dise\u00f1ar un sistema de educaci\u00f3n superior viable basado en la cibern\u00e9tica organizacional: Fases 1 y 2 Mercedes S. Bustos, Francisco Crist\u00f3v\u00e3o Louren\u00e7o De Melo y Mischel Carmen Neyra Belderrain (ITA) La [&hellip;]<\/p>\n","protected":false},"author":2,"featured_media":0,"parent":0,"menu_order":0,"comment_status":"closed","ping_status":"closed","template":"","meta":{"footnotes":""},"class_list":["post-2361","page","type-page","status-publish","hentry"],"blocksy_meta":[],"_links":{"self":[{"href":"https:\/\/epio.org.ar\/endio-epio-2024\/wp-json\/wp\/v2\/pages\/2361","targetHints":{"allow":["GET"]}}],"collection":[{"href":"https:\/\/epio.org.ar\/endio-epio-2024\/wp-json\/wp\/v2\/pages"}],"about":[{"href":"https:\/\/epio.org.ar\/endio-epio-2024\/wp-json\/wp\/v2\/types\/page"}],"author":[{"embeddable":true,"href":"https:\/\/epio.org.ar\/endio-epio-2024\/wp-json\/wp\/v2\/users\/2"}],"replies":[{"embeddable":true,"href":"https:\/\/epio.org.ar\/endio-epio-2024\/wp-json\/wp\/v2\/comments?post=2361"}],"version-history":[{"count":36,"href":"https:\/\/epio.org.ar\/endio-epio-2024\/wp-json\/wp\/v2\/pages\/2361\/revisions"}],"predecessor-version":[{"id":3315,"href":"https:\/\/epio.org.ar\/endio-epio-2024\/wp-json\/wp\/v2\/pages\/2361\/revisions\/3315"}],"wp:attachment":[{"href":"https:\/\/epio.org.ar\/endio-epio-2024\/wp-json\/wp\/v2\/media?parent=2361"}],"curies":[{"name":"wp","href":"https:\/\/api.w.org\/{rel}","templated":true}]}}