{"id":1796,"date":"2024-10-10T11:29:05","date_gmt":"2024-10-10T11:29:05","guid":{"rendered":"https:\/\/epio.org.ar\/endio-epio-2024\/?page_id=1796"},"modified":"2024-10-16T02:14:35","modified_gmt":"2024-10-16T02:14:35","slug":"conferencias","status":"publish","type":"page","link":"https:\/\/epio.org.ar\/endio-epio-2024\/conferencias\/","title":{"rendered":"Conferencias"},"content":{"rendered":"\t\t<div data-elementor-type=\"wp-page\" data-elementor-id=\"1796\" class=\"elementor elementor-1796\">\n\t\t\t\t<div class=\"elementor-element elementor-element-6f218cd e-flex e-con-boxed e-con e-parent\" data-id=\"6f218cd\" data-element_type=\"container\">\n\t\t\t\t\t<div class=\"e-con-inner\">\n\t\t\t\t<div class=\"elementor-element elementor-element-6ff71eb elementor-widget elementor-widget-text-editor\" data-id=\"6ff71eb\" data-element_type=\"widget\" data-widget_type=\"text-editor.default\">\n\t\t\t\t<div class=\"elementor-widget-container\">\n\t\t\t\t\t\t\t<h4>Conferencias<\/h4>\t\t\t\t\t\t<\/div>\n\t\t\t\t<\/div>\n\t\t\t\t\t<\/div>\n\t\t\t\t<\/div>\n\t\t<div class=\"elementor-element elementor-element-5199e92 e-flex e-con-boxed e-con e-parent\" data-id=\"5199e92\" data-element_type=\"container\">\n\t\t\t\t\t<div class=\"e-con-inner\">\n\t\t<div class=\"elementor-element elementor-element-0af9b49 e-con-full e-flex e-con e-child\" data-id=\"0af9b49\" data-element_type=\"container\" data-settings=\"{&quot;background_background&quot;:&quot;classic&quot;}\">\n\t\t\t\t<div class=\"elementor-element elementor-element-a775a90 elementor-widget elementor-widget-image\" data-id=\"a775a90\" data-element_type=\"widget\" data-widget_type=\"image.default\">\n\t\t\t\t<div class=\"elementor-widget-container\">\n\t\t\t\t\t\t\t\t\t\t\t\t\t<img decoding=\"async\" width=\"150\" height=\"150\" data-src=\"https:\/\/epio.org.ar\/endio-epio-2024\/wp-content\/uploads\/2024\/10\/foto5-150x150.png\" class=\"attachment-thumbnail size-thumbnail wp-image-1845 lazyload\" alt=\"\" data-srcset=\"https:\/\/epio.org.ar\/endio-epio-2024\/wp-content\/uploads\/2024\/10\/foto5-150x150.png 150w, https:\/\/epio.org.ar\/endio-epio-2024\/wp-content\/uploads\/2024\/10\/foto5-300x300.png 300w, https:\/\/epio.org.ar\/endio-epio-2024\/wp-content\/uploads\/2024\/10\/foto5-1024x1024.png 1024w, https:\/\/epio.org.ar\/endio-epio-2024\/wp-content\/uploads\/2024\/10\/foto5-768x768.png 768w, https:\/\/epio.org.ar\/endio-epio-2024\/wp-content\/uploads\/2024\/10\/foto5.png 1250w\" data-sizes=\"(max-width: 150px) 100vw, 150px\" src=\"data:image\/gif;base64,R0lGODlhAQABAAAAACH5BAEKAAEALAAAAAABAAEAAAICTAEAOw==\" style=\"--smush-placeholder-width: 150px; --smush-placeholder-aspect-ratio: 150\/150;\" \/><noscript><img decoding=\"async\" width=\"150\" height=\"150\" src=\"https:\/\/epio.org.ar\/endio-epio-2024\/wp-content\/uploads\/2024\/10\/foto5-150x150.png\" class=\"attachment-thumbnail size-thumbnail wp-image-1845\" alt=\"\" srcset=\"https:\/\/epio.org.ar\/endio-epio-2024\/wp-content\/uploads\/2024\/10\/foto5-150x150.png 150w, https:\/\/epio.org.ar\/endio-epio-2024\/wp-content\/uploads\/2024\/10\/foto5-300x300.png 300w, https:\/\/epio.org.ar\/endio-epio-2024\/wp-content\/uploads\/2024\/10\/foto5-1024x1024.png 1024w, https:\/\/epio.org.ar\/endio-epio-2024\/wp-content\/uploads\/2024\/10\/foto5-768x768.png 768w, https:\/\/epio.org.ar\/endio-epio-2024\/wp-content\/uploads\/2024\/10\/foto5.png 1250w\" sizes=\"(max-width: 150px) 100vw, 150px\" \/><\/noscript>\t\t\t\t\t\t\t\t\t\t\t\t\t<\/div>\n\t\t\t\t<\/div>\n\t\t\t\t<div class=\"elementor-element elementor-element-3159809 elementor-widget elementor-widget-text-editor\" data-id=\"3159809\" data-element_type=\"widget\" data-widget_type=\"text-editor.default\">\n\t\t\t\t<div class=\"elementor-widget-container\">\n\t\t\t\t\t\t\t<div class=\"elementor-element elementor-element-361bca4e elementor-widget elementor-widget-text-editor\" data-id=\"361bca4e\" data-element_type=\"widget\" data-widget_type=\"text-editor.default\"><div class=\"elementor-widget-container\"><h5 style=\"text-align: center;\"><span style=\"color: #333399;\"><strong>CONFERENCIA l:<\/strong><\/span><\/h5><\/div><\/div><div class=\"elementor-element elementor-element-76cea2e elementor-widget elementor-widget-text-editor\" data-id=\"76cea2e\" data-element_type=\"widget\" data-widget_type=\"text-editor.default\"><div class=\"elementor-widget-container\"><p style=\"text-align: center;\"><span style=\"color: #333399;\">AN\u00c1LISIS MULTICRITERIO EN LA ACTUALIDAD.\u00a0 PRINCIPIOS B\u00c1SICOS Y USOS DE SUS M\u00c9TODOS<\/span><\/p><\/div><\/div>\t\t\t\t\t\t<\/div>\n\t\t\t\t<\/div>\n\t\t\t\t<div class=\"elementor-element elementor-element-66e9ec4 elementor-widget-divider--view-line elementor-widget elementor-widget-divider\" data-id=\"66e9ec4\" data-element_type=\"widget\" data-widget_type=\"divider.default\">\n\t\t\t\t<div class=\"elementor-widget-container\">\n\t\t\t\t\t<div class=\"elementor-divider\">\n\t\t\t<span class=\"elementor-divider-separator\">\n\t\t\t\t\t\t<\/span>\n\t\t<\/div>\n\t\t\t\t<\/div>\n\t\t\t\t<\/div>\n\t\t\t\t<div class=\"elementor-element elementor-element-14dbb3a elementor-widget elementor-widget-text-editor\" data-id=\"14dbb3a\" data-element_type=\"widget\" data-widget_type=\"text-editor.default\">\n\t\t\t\t<div class=\"elementor-widget-container\">\n\t\t\t\t\t\t\t<p style=\"text-align: center;\"><strong>Dr. Luiz Flavio Autran Monteriro Gomes<\/strong><\/p><p style=\"text-align: center;\">Universidad Federal del ABC. Brasil.<\/p>\t\t\t\t\t\t<\/div>\n\t\t\t\t<\/div>\n\t\t\t\t<div class=\"elementor-element elementor-element-253ba85 elementor-widget elementor-widget-text-editor\" data-id=\"253ba85\" data-element_type=\"widget\" data-widget_type=\"text-editor.default\">\n\t\t\t\t<div class=\"elementor-widget-container\">\n\t\t\t\t\t\t\t<p style=\"text-align: center;\"><a href=\"https:\/\/epio.org.ar\/endio-epio-2024\/conferencia-1\/\"><strong><span style=\"color: #333399;\">M\u00e1s informaci\u00f3n<\/span><\/strong><\/a><\/p>\t\t\t\t\t\t<\/div>\n\t\t\t\t<\/div>\n\t\t\t\t<\/div>\n\t\t<div class=\"elementor-element elementor-element-fe6cf87 e-con-full e-flex e-con e-child\" data-id=\"fe6cf87\" data-element_type=\"container\" data-settings=\"{&quot;background_background&quot;:&quot;classic&quot;}\">\n\t\t\t\t<div class=\"elementor-element elementor-element-67ea40c elementor-widget elementor-widget-image\" data-id=\"67ea40c\" data-element_type=\"widget\" data-widget_type=\"image.default\">\n\t\t\t\t<div class=\"elementor-widget-container\">\n\t\t\t\t\t\t\t\t\t\t\t\t\t<img decoding=\"async\" width=\"150\" height=\"150\" data-src=\"https:\/\/epio.org.ar\/endio-epio-2024\/wp-content\/uploads\/2024\/10\/foto7-150x150.png\" class=\"attachment-thumbnail size-thumbnail wp-image-1852 lazyload\" alt=\"\" data-srcset=\"https:\/\/epio.org.ar\/endio-epio-2024\/wp-content\/uploads\/2024\/10\/foto7-150x150.png 150w, https:\/\/epio.org.ar\/endio-epio-2024\/wp-content\/uploads\/2024\/10\/foto7-300x300.png 300w, https:\/\/epio.org.ar\/endio-epio-2024\/wp-content\/uploads\/2024\/10\/foto7-1024x1024.png 1024w, https:\/\/epio.org.ar\/endio-epio-2024\/wp-content\/uploads\/2024\/10\/foto7-768x768.png 768w, https:\/\/epio.org.ar\/endio-epio-2024\/wp-content\/uploads\/2024\/10\/foto7.png 1250w\" data-sizes=\"(max-width: 150px) 100vw, 150px\" src=\"data:image\/gif;base64,R0lGODlhAQABAAAAACH5BAEKAAEALAAAAAABAAEAAAICTAEAOw==\" style=\"--smush-placeholder-width: 150px; --smush-placeholder-aspect-ratio: 150\/150;\" \/><noscript><img decoding=\"async\" width=\"150\" height=\"150\" src=\"https:\/\/epio.org.ar\/endio-epio-2024\/wp-content\/uploads\/2024\/10\/foto7-150x150.png\" class=\"attachment-thumbnail size-thumbnail wp-image-1852\" alt=\"\" srcset=\"https:\/\/epio.org.ar\/endio-epio-2024\/wp-content\/uploads\/2024\/10\/foto7-150x150.png 150w, https:\/\/epio.org.ar\/endio-epio-2024\/wp-content\/uploads\/2024\/10\/foto7-300x300.png 300w, https:\/\/epio.org.ar\/endio-epio-2024\/wp-content\/uploads\/2024\/10\/foto7-1024x1024.png 1024w, https:\/\/epio.org.ar\/endio-epio-2024\/wp-content\/uploads\/2024\/10\/foto7-768x768.png 768w, https:\/\/epio.org.ar\/endio-epio-2024\/wp-content\/uploads\/2024\/10\/foto7.png 1250w\" sizes=\"(max-width: 150px) 100vw, 150px\" \/><\/noscript>\t\t\t\t\t\t\t\t\t\t\t\t\t<\/div>\n\t\t\t\t<\/div>\n\t\t\t\t<div class=\"elementor-element elementor-element-6ce58ca elementor-widget elementor-widget-text-editor\" data-id=\"6ce58ca\" data-element_type=\"widget\" data-widget_type=\"text-editor.default\">\n\t\t\t\t<div class=\"elementor-widget-container\">\n\t\t\t\t\t\t\t<div class=\"elementor-element elementor-element-476e7b7a elementor-widget elementor-widget-text-editor\" data-id=\"476e7b7a\" data-element_type=\"widget\" data-widget_type=\"text-editor.default\"><div class=\"elementor-widget-container\"><h5 style=\"text-align: center;\"><span style=\"color: #333399;\"><strong>CONFERENCIA II:<\/strong><\/span><\/h5><\/div><\/div><div class=\"elementor-element elementor-element-356aa3a0 elementor-widget elementor-widget-text-editor\" data-id=\"356aa3a0\" data-element_type=\"widget\" data-widget_type=\"text-editor.default\"><div class=\"elementor-widget-container\"><p style=\"text-align: center;\"><span style=\"color: #333399;\">COMO MEDIR EFICIENCIA T\u00c9CNICA MEDIANTE M\u00c9TODOS DE APRENDIZAJE AUTOM\u00c1TICO BASADOS EN \u00c1RBOLES DE REGRESI\u00d3N<\/span><\/p><\/div><\/div>\t\t\t\t\t\t<\/div>\n\t\t\t\t<\/div>\n\t\t\t\t<div class=\"elementor-element elementor-element-a5d1db8 elementor-widget-divider--view-line elementor-widget elementor-widget-divider\" data-id=\"a5d1db8\" data-element_type=\"widget\" data-widget_type=\"divider.default\">\n\t\t\t\t<div class=\"elementor-widget-container\">\n\t\t\t\t\t<div class=\"elementor-divider\">\n\t\t\t<span class=\"elementor-divider-separator\">\n\t\t\t\t\t\t<\/span>\n\t\t<\/div>\n\t\t\t\t<\/div>\n\t\t\t\t<\/div>\n\t\t\t\t<div class=\"elementor-element elementor-element-38a789c elementor-widget elementor-widget-text-editor\" data-id=\"38a789c\" data-element_type=\"widget\" data-widget_type=\"text-editor.default\">\n\t\t\t\t<div class=\"elementor-widget-container\">\n\t\t\t\t\t\t\t<p style=\"text-align: center;\"><strong>Dr. Juan Aparicio<\/strong><\/p><p style=\"text-align: center;\">Universidad Miguel Hern\u00e1ndez de Elche. Espa\u00f1a.<\/p>\t\t\t\t\t\t<\/div>\n\t\t\t\t<\/div>\n\t\t\t\t<div class=\"elementor-element elementor-element-0e855be elementor-widget elementor-widget-text-editor\" data-id=\"0e855be\" data-element_type=\"widget\" data-widget_type=\"text-editor.default\">\n\t\t\t\t<div class=\"elementor-widget-container\">\n\t\t\t\t\t\t\t<p style=\"text-align: center;\"><a href=\"https:\/\/epio.org.ar\/endio-epio-2024\/conferencia-2\/\"><strong><span style=\"color: #333399;\">M\u00e1s informaci\u00f3n<\/span><\/strong><\/a><\/p>\t\t\t\t\t\t<\/div>\n\t\t\t\t<\/div>\n\t\t\t\t<\/div>\n\t\t<div class=\"elementor-element elementor-element-d7ddb69 e-con-full e-flex e-con e-child\" data-id=\"d7ddb69\" data-element_type=\"container\" data-settings=\"{&quot;background_background&quot;:&quot;classic&quot;}\">\n\t\t\t\t<div class=\"elementor-element elementor-element-81c6494 elementor-widget elementor-widget-image\" data-id=\"81c6494\" data-element_type=\"widget\" data-widget_type=\"image.default\">\n\t\t\t\t<div class=\"elementor-widget-container\">\n\t\t\t\t\t\t\t\t\t\t\t\t\t<img decoding=\"async\" width=\"150\" height=\"150\" data-src=\"https:\/\/epio.org.ar\/endio-epio-2024\/wp-content\/uploads\/2024\/10\/foto6-150x150.png\" class=\"attachment-thumbnail size-thumbnail wp-image-1836 lazyload\" alt=\"\" data-srcset=\"https:\/\/epio.org.ar\/endio-epio-2024\/wp-content\/uploads\/2024\/10\/foto6-150x150.png 150w, https:\/\/epio.org.ar\/endio-epio-2024\/wp-content\/uploads\/2024\/10\/foto6-300x300.png 300w, https:\/\/epio.org.ar\/endio-epio-2024\/wp-content\/uploads\/2024\/10\/foto6-1024x1024.png 1024w, https:\/\/epio.org.ar\/endio-epio-2024\/wp-content\/uploads\/2024\/10\/foto6-768x768.png 768w, https:\/\/epio.org.ar\/endio-epio-2024\/wp-content\/uploads\/2024\/10\/foto6.png 1250w\" data-sizes=\"(max-width: 150px) 100vw, 150px\" src=\"data:image\/gif;base64,R0lGODlhAQABAAAAACH5BAEKAAEALAAAAAABAAEAAAICTAEAOw==\" style=\"--smush-placeholder-width: 150px; --smush-placeholder-aspect-ratio: 150\/150;\" \/><noscript><img decoding=\"async\" width=\"150\" height=\"150\" src=\"https:\/\/epio.org.ar\/endio-epio-2024\/wp-content\/uploads\/2024\/10\/foto6-150x150.png\" class=\"attachment-thumbnail size-thumbnail wp-image-1836\" alt=\"\" srcset=\"https:\/\/epio.org.ar\/endio-epio-2024\/wp-content\/uploads\/2024\/10\/foto6-150x150.png 150w, https:\/\/epio.org.ar\/endio-epio-2024\/wp-content\/uploads\/2024\/10\/foto6-300x300.png 300w, https:\/\/epio.org.ar\/endio-epio-2024\/wp-content\/uploads\/2024\/10\/foto6-1024x1024.png 1024w, https:\/\/epio.org.ar\/endio-epio-2024\/wp-content\/uploads\/2024\/10\/foto6-768x768.png 768w, https:\/\/epio.org.ar\/endio-epio-2024\/wp-content\/uploads\/2024\/10\/foto6.png 1250w\" sizes=\"(max-width: 150px) 100vw, 150px\" \/><\/noscript>\t\t\t\t\t\t\t\t\t\t\t\t\t<\/div>\n\t\t\t\t<\/div>\n\t\t\t\t<div class=\"elementor-element elementor-element-0792001 elementor-widget elementor-widget-text-editor\" data-id=\"0792001\" data-element_type=\"widget\" data-widget_type=\"text-editor.default\">\n\t\t\t\t<div class=\"elementor-widget-container\">\n\t\t\t\t\t\t\t<div class=\"elementor-element elementor-element-235b405f elementor-widget elementor-widget-text-editor\" data-id=\"235b405f\" data-element_type=\"widget\" data-widget_type=\"text-editor.default\"><div class=\"elementor-widget-container\"><h5 style=\"text-align: center;\"><span style=\"color: #333399;\"><strong>CONFERENCIA III:<\/strong><\/span><\/h5><\/div><\/div><div class=\"elementor-element elementor-element-798c8ff elementor-widget elementor-widget-text-editor\" data-id=\"798c8ff\" data-element_type=\"widget\" data-widget_type=\"text-editor.default\"><div class=\"elementor-widget-container\"><p style=\"text-align: center;\"><span style=\"color: #333399;\">MODELOS MULTICRITERIO PARA MARKETING DIRIGIDO BAJO UN ENFOQUE DE OUTRAKING<\/span><\/p><\/div><\/div>\t\t\t\t\t\t<\/div>\n\t\t\t\t<\/div>\n\t\t\t\t<div class=\"elementor-element elementor-element-4a01d91 elementor-widget-divider--view-line elementor-widget elementor-widget-divider\" data-id=\"4a01d91\" data-element_type=\"widget\" data-widget_type=\"divider.default\">\n\t\t\t\t<div class=\"elementor-widget-container\">\n\t\t\t\t\t<div class=\"elementor-divider\">\n\t\t\t<span class=\"elementor-divider-separator\">\n\t\t\t\t\t\t<\/span>\n\t\t<\/div>\n\t\t\t\t<\/div>\n\t\t\t\t<\/div>\n\t\t\t\t<div class=\"elementor-element elementor-element-f62324e elementor-widget elementor-widget-text-editor\" data-id=\"f62324e\" data-element_type=\"widget\" data-widget_type=\"text-editor.default\">\n\t\t\t\t<div class=\"elementor-widget-container\">\n\t\t\t\t\t\t\t<p style=\"text-align: center;\"><strong>Dr. Juan Carlos Leyva L\u00f3pez<\/strong><\/p><p style=\"text-align: center;\">Universidad Aut\u00f3noma de Occidente. M\u00e9xico.<\/p>\t\t\t\t\t\t<\/div>\n\t\t\t\t<\/div>\n\t\t\t\t<div class=\"elementor-element elementor-element-3197b0c elementor-widget elementor-widget-text-editor\" data-id=\"3197b0c\" data-element_type=\"widget\" data-widget_type=\"text-editor.default\">\n\t\t\t\t<div class=\"elementor-widget-container\">\n\t\t\t\t\t\t\t<p style=\"text-align: center;\"><a href=\"https:\/\/epio.org.ar\/endio-epio-2024\/conferencia-3\/\"><strong><span style=\"color: #333399;\">M\u00e1s informaci\u00f3n<\/span><\/strong><\/a><\/p>\t\t\t\t\t\t<\/div>\n\t\t\t\t<\/div>\n\t\t\t\t<\/div>\n\t\t\t\t\t<\/div>\n\t\t\t\t<\/div>\n\t\t<div class=\"elementor-element elementor-element-3e2f3d3 e-flex e-con-boxed e-con e-parent\" data-id=\"3e2f3d3\" data-element_type=\"container\">\n\t\t\t\t\t<div class=\"e-con-inner\">\n\t\t\t\t<div class=\"elementor-element elementor-element-ea387d0 elementor-widget elementor-widget-spacer\" data-id=\"ea387d0\" data-element_type=\"widget\" data-widget_type=\"spacer.default\">\n\t\t\t\t<div class=\"elementor-widget-container\">\n\t\t\t\t\t<div class=\"elementor-spacer\">\n\t\t\t<div class=\"elementor-spacer-inner\"><\/div>\n\t\t<\/div>\n\t\t\t\t<\/div>\n\t\t\t\t<\/div>\n\t\t\t\t\t<\/div>\n\t\t\t\t<\/div>\n\t\t\t\t<\/div>\n\t\t","protected":false},"excerpt":{"rendered":"<p>Conferencias CONFERENCIA l: AN\u00c1LISIS MULTICRITERIO EN LA ACTUALIDAD.\u00a0 PRINCIPIOS B\u00c1SICOS Y USOS DE SUS M\u00c9TODOS Dr. Luiz Flavio Autran Monteriro Gomes Universidad Federal del ABC. Brasil. M\u00e1s informaci\u00f3n CONFERENCIA II: COMO MEDIR EFICIENCIA T\u00c9CNICA MEDIANTE M\u00c9TODOS DE APRENDIZAJE AUTOM\u00c1TICO BASADOS EN \u00c1RBOLES DE REGRESI\u00d3N Dr. Juan Aparicio Universidad Miguel Hern\u00e1ndez de Elche. Espa\u00f1a. M\u00e1s informaci\u00f3n [&hellip;]<\/p>\n","protected":false},"author":2,"featured_media":0,"parent":0,"menu_order":0,"comment_status":"closed","ping_status":"closed","template":"","meta":{"footnotes":""},"class_list":["post-1796","page","type-page","status-publish","hentry"],"blocksy_meta":[],"_links":{"self":[{"href":"https:\/\/epio.org.ar\/endio-epio-2024\/wp-json\/wp\/v2\/pages\/1796","targetHints":{"allow":["GET"]}}],"collection":[{"href":"https:\/\/epio.org.ar\/endio-epio-2024\/wp-json\/wp\/v2\/pages"}],"about":[{"href":"https:\/\/epio.org.ar\/endio-epio-2024\/wp-json\/wp\/v2\/types\/page"}],"author":[{"embeddable":true,"href":"https:\/\/epio.org.ar\/endio-epio-2024\/wp-json\/wp\/v2\/users\/2"}],"replies":[{"embeddable":true,"href":"https:\/\/epio.org.ar\/endio-epio-2024\/wp-json\/wp\/v2\/comments?post=1796"}],"version-history":[{"count":84,"href":"https:\/\/epio.org.ar\/endio-epio-2024\/wp-json\/wp\/v2\/pages\/1796\/revisions"}],"predecessor-version":[{"id":2176,"href":"https:\/\/epio.org.ar\/endio-epio-2024\/wp-json\/wp\/v2\/pages\/1796\/revisions\/2176"}],"wp:attachment":[{"href":"https:\/\/epio.org.ar\/endio-epio-2024\/wp-json\/wp\/v2\/media?parent=1796"}],"curies":[{"name":"wp","href":"https:\/\/api.w.org\/{rel}","templated":true}]}}