{"id":1679,"date":"2024-10-10T02:05:03","date_gmt":"2024-10-10T02:05:03","guid":{"rendered":"https:\/\/epio.org.ar\/endio-epio-2024\/?page_id=1679"},"modified":"2024-11-07T19:47:01","modified_gmt":"2024-11-07T19:47:01","slug":"conferencia-3","status":"publish","type":"page","link":"https:\/\/epio.org.ar\/endio-epio-2024\/conferencia-3\/","title":{"rendered":"Conferencia lll"},"content":{"rendered":"\t\t<div data-elementor-type=\"wp-page\" data-elementor-id=\"1679\" class=\"elementor elementor-1679\">\n\t\t\t\t<div class=\"elementor-element elementor-element-493740bd e-flex e-con-boxed e-con e-parent\" data-id=\"493740bd\" data-element_type=\"container\">\n\t\t\t\t\t<div class=\"e-con-inner\">\n\t\t<div class=\"elementor-element elementor-element-3bdb1cd6 e-con-full e-flex e-con e-child\" data-id=\"3bdb1cd6\" data-element_type=\"container\">\n\t\t\t\t<div class=\"elementor-element elementor-element-235b405f elementor-widget elementor-widget-text-editor\" data-id=\"235b405f\" data-element_type=\"widget\" data-widget_type=\"text-editor.default\">\n\t\t\t\t<div class=\"elementor-widget-container\">\n\t\t\t\t\t\t\t<p>CONFERENCIA III:<\/p>\t\t\t\t\t\t<\/div>\n\t\t\t\t<\/div>\n\t\t\t\t<div class=\"elementor-element elementor-element-798c8ff elementor-widget elementor-widget-text-editor\" data-id=\"798c8ff\" data-element_type=\"widget\" data-widget_type=\"text-editor.default\">\n\t\t\t\t<div class=\"elementor-widget-container\">\n\t\t\t\t\t\t\t<p>Modelos multicriterio para marketing dirigido bajo un enfoque de outraking.<\/p>\t\t\t\t\t\t<\/div>\n\t\t\t\t<\/div>\n\t\t\t\t<\/div>\n\t\t\t\t\t<\/div>\n\t\t\t\t<\/div>\n\t\t<div class=\"elementor-element elementor-element-48432348 e-flex e-con-boxed e-con e-parent\" data-id=\"48432348\" data-element_type=\"container\" data-settings=\"{&quot;background_background&quot;:&quot;classic&quot;}\">\n\t\t\t\t\t<div class=\"e-con-inner\">\n\t\t<div class=\"elementor-element elementor-element-2680234c e-con-full e-flex e-con e-child\" data-id=\"2680234c\" data-element_type=\"container\">\n\t\t\t\t<div class=\"elementor-element elementor-element-46621789 elementor-widget elementor-widget-text-editor\" data-id=\"46621789\" data-element_type=\"widget\" data-widget_type=\"text-editor.default\">\n\t\t\t\t<div class=\"elementor-widget-container\">\n\t\t\t\t\t\t\t<h4 style=\"text-align: center;\"><span style=\"color: #ffffff;\"><strong>Fecha y Hora:<\/strong><\/span><\/h4><p style=\"text-align: center;\">Sala Virtual I.<\/p><p style=\"text-align: center;\">Viernes 25\/10 &#8211;\u00a0 de 14,00 hs a 15,00 hs.<\/p><p>\u00a0<\/p>\t\t\t\t\t\t<\/div>\n\t\t\t\t<\/div>\n\t\t\t\t<\/div>\n\t\t<div class=\"elementor-element elementor-element-40f9778 e-con-full e-flex e-con e-child\" data-id=\"40f9778\" data-element_type=\"container\" data-settings=\"{&quot;background_background&quot;:&quot;classic&quot;}\">\n\t\t\t\t<div class=\"elementor-element elementor-element-3ba9550f elementor-widget elementor-widget-text-editor\" data-id=\"3ba9550f\" data-element_type=\"widget\" data-widget_type=\"text-editor.default\">\n\t\t\t\t<div class=\"elementor-widget-container\">\n\t\t\t\t\t\t\t<h4 style=\"text-align: center;\"><span style=\"color: #ffffff;\"><strong>Link de acceso:<\/strong><\/span><\/h4><p style=\"text-align: center;\">\u00a0<\/p>\t\t\t\t\t\t<\/div>\n\t\t\t\t<\/div>\n\t\t\t\t<\/div>\n\t\t\t\t\t<\/div>\n\t\t\t\t<\/div>\n\t\t<div class=\"elementor-element elementor-element-7d601604 e-flex e-con-boxed e-con e-parent\" data-id=\"7d601604\" data-element_type=\"container\">\n\t\t\t\t\t<div class=\"e-con-inner\">\n\t\t\t\t<div class=\"elementor-element elementor-element-149e8c28 elementor-widget elementor-widget-text-editor\" data-id=\"149e8c28\" data-element_type=\"widget\" data-widget_type=\"text-editor.default\">\n\t\t\t\t<div class=\"elementor-widget-container\">\n\t\t\t\t\t\t\t<h4>Disertante<\/h4>\t\t\t\t\t\t<\/div>\n\t\t\t\t<\/div>\n\t\t\t\t\t<\/div>\n\t\t\t\t<\/div>\n\t\t<div class=\"elementor-element elementor-element-13be1030 e-flex e-con-boxed e-con e-parent\" data-id=\"13be1030\" data-element_type=\"container\">\n\t\t\t\t\t<div class=\"e-con-inner\">\n\t\t<div class=\"elementor-element elementor-element-783c2c45 e-con-full e-flex e-con e-child\" data-id=\"783c2c45\" data-element_type=\"container\" data-settings=\"{&quot;background_background&quot;:&quot;classic&quot;}\">\n\t\t\t\t<div class=\"elementor-element elementor-element-4fdcd4b0 elementor-widget elementor-widget-image\" data-id=\"4fdcd4b0\" data-element_type=\"widget\" data-widget_type=\"image.default\">\n\t\t\t\t<div class=\"elementor-widget-container\">\n\t\t\t\t\t\t\t\t\t\t\t\t\t<img fetchpriority=\"high\" decoding=\"async\" width=\"1250\" height=\"1250\" src=\"https:\/\/epio.org.ar\/endio-epio-2024\/wp-content\/uploads\/2024\/10\/foto6.png\" class=\"attachment-full size-full wp-image-1836\" alt=\"\" srcset=\"https:\/\/epio.org.ar\/endio-epio-2024\/wp-content\/uploads\/2024\/10\/foto6.png 1250w, https:\/\/epio.org.ar\/endio-epio-2024\/wp-content\/uploads\/2024\/10\/foto6-300x300.png 300w, https:\/\/epio.org.ar\/endio-epio-2024\/wp-content\/uploads\/2024\/10\/foto6-1024x1024.png 1024w, https:\/\/epio.org.ar\/endio-epio-2024\/wp-content\/uploads\/2024\/10\/foto6-150x150.png 150w, https:\/\/epio.org.ar\/endio-epio-2024\/wp-content\/uploads\/2024\/10\/foto6-768x768.png 768w\" sizes=\"(max-width: 1250px) 100vw, 1250px\" \/>\t\t\t\t\t\t\t\t\t\t\t\t\t<\/div>\n\t\t\t\t<\/div>\n\t\t\t\t<\/div>\n\t\t<div class=\"elementor-element elementor-element-46db3959 e-con-full e-flex e-con e-child\" data-id=\"46db3959\" data-element_type=\"container\">\n\t\t\t\t<div class=\"elementor-element elementor-element-641e6c63 elementor-widget elementor-widget-text-editor\" data-id=\"641e6c63\" data-element_type=\"widget\" data-widget_type=\"text-editor.default\">\n\t\t\t\t<div class=\"elementor-widget-container\">\n\t\t\t\t\t\t\t<h5>Dr. Juan Carlos Leyva L\u00f3pez<\/h5><p>Universidad Aut\u00f3noma de Occidente. M\u00e9xico.<\/p><p><a href=\"mailto:juan.leyva@uadeo.mx\"><strong>juan.leyva@uadeo.mx<\/strong><\/a><\/p>\t\t\t\t\t\t<\/div>\n\t\t\t\t<\/div>\n\t\t\t\t<\/div>\n\t\t\t\t\t<\/div>\n\t\t\t\t<\/div>\n\t\t<div class=\"elementor-element elementor-element-79213921 e-flex e-con-boxed e-con e-parent\" data-id=\"79213921\" data-element_type=\"container\" data-settings=\"{&quot;background_background&quot;:&quot;classic&quot;}\">\n\t\t\t\t\t<div class=\"e-con-inner\">\n\t\t\t\t<div class=\"elementor-element elementor-element-46000b0c elementor-widget elementor-widget-spacer\" data-id=\"46000b0c\" data-element_type=\"widget\" data-widget_type=\"spacer.default\">\n\t\t\t\t<div class=\"elementor-widget-container\">\n\t\t\t\t\t<div class=\"elementor-spacer\">\n\t\t\t<div class=\"elementor-spacer-inner\"><\/div>\n\t\t<\/div>\n\t\t\t\t<\/div>\n\t\t\t\t<\/div>\n\t\t\t\t<div class=\"elementor-element elementor-element-dee2816 elementor-widget elementor-widget-text-editor\" data-id=\"dee2816\" data-element_type=\"widget\" data-widget_type=\"text-editor.default\">\n\t\t\t\t<div class=\"elementor-widget-container\">\n\t\t\t\t\t\t\t<h5>Resumen<\/h5>\t\t\t\t\t\t<\/div>\n\t\t\t\t<\/div>\n\t\t\t\t<div class=\"elementor-element elementor-element-5d895138 elementor-widget elementor-widget-text-editor\" data-id=\"5d895138\" data-element_type=\"widget\" data-widget_type=\"text-editor.default\">\n\t\t\t\t<div class=\"elementor-widget-container\">\n\t\t\t\t\t\t\t<p>En marketing se utilizan dos enfoques principales: marketing masivo y marketing dirigido. El marketing dirigido es una estrategia muy eficaz que implica identificar segmentos o grupos de clientes espec\u00edficos y adaptar los esfuerzos promocionales a sus intereses. Este enfoque se centra en desarrollar soluciones personalizadas para que estos grupos objetivo satisfagan sus necesidades y preferencias.<br \/>El marketing dirigido se basa en tecnolog\u00edas de vanguardia, incluida la miner\u00eda de datos, el almacenamiento de datos, el reconocimiento de patrones estad\u00edsticos, la inteligencia web y los agentes inteligentes. Aunque los m\u00e9todos predominantes dependen de t\u00e9cnicas de miner\u00eda de datos, estos poseen algunas limitaciones cuando se aplican a ciertos escenarios de marketing dirigido.<br \/>En esta pl\u00e1tica, presentamos un marco de marketing dirigido que aplica un enfoque de outranking multicriterio basado en reglas de decisi\u00f3n que identifican razones positivas y negativas para juzgar si un producto o cliente es al menos tan bueno como otro. Este marco considera el an\u00e1lisis de clientes, productos, grupos de clientes, grupos de productos y relaciones cliente-producto derivados de datos de transacciones. Los clientes y los productos se caracterizan por sus perfiles, y las relaciones de preferencia describen los juicios de los clientes sobre los productos. <br \/>El problema del marketing dirigido se plantea como la construcci\u00f3n de modelos representados por relaciones de outranking borrosas de las cuales se deducen rankings de clientes o productos. Los clientes o productos son los sujetos de estudio en este problema. Al centrarnos en el conjunto de productos (clientes), podemos asociar la estrategia de marketing orientada al cliente (producto). Los m\u00e9todos relacionados con el marketing orientado al cliente intentan encontrar los mejores productos de un conjunto para promocionarlos ante un cliente o grupo de ellos. <br \/>En la presentaci\u00f3n analizamos el problema del marketing dirigido para encontrar un ranking de productos en orden de preferencia decreciente. A partir de este ranking se puede obtener un grupo de productos objetivo eligiendo los k mejores productos del ranking para promocionarlos entre el cliente. La pl\u00e1tica concluye con un ejemplo ilustrativo de un problema de recomendaci\u00f3n de restaurantes para un cliente concreto.<\/p>\t\t\t\t\t\t<\/div>\n\t\t\t\t<\/div>\n\t\t\t\t<div class=\"elementor-element elementor-element-2e0b15b8 elementor-widget elementor-widget-spacer\" data-id=\"2e0b15b8\" data-element_type=\"widget\" data-widget_type=\"spacer.default\">\n\t\t\t\t<div class=\"elementor-widget-container\">\n\t\t\t\t\t<div class=\"elementor-spacer\">\n\t\t\t<div class=\"elementor-spacer-inner\"><\/div>\n\t\t<\/div>\n\t\t\t\t<\/div>\n\t\t\t\t<\/div>\n\t\t\t\t\t<\/div>\n\t\t\t\t<\/div>\n\t\t\t\t<\/div>\n\t\t","protected":false},"excerpt":{"rendered":"<p>CONFERENCIA III: Modelos multicriterio para marketing dirigido bajo un enfoque de outraking. Fecha y Hora: Sala Virtual I. Viernes 25\/10 &#8211;\u00a0 de 14,00 hs a 15,00 hs. \u00a0 Link de acceso: \u00a0 Disertante Dr. Juan Carlos Leyva L\u00f3pez Universidad Aut\u00f3noma de Occidente. M\u00e9xico. juan.leyva@uadeo.mx Resumen En marketing se utilizan dos enfoques principales: marketing masivo y [&hellip;]<\/p>\n","protected":false},"author":2,"featured_media":0,"parent":0,"menu_order":0,"comment_status":"closed","ping_status":"closed","template":"","meta":{"footnotes":""},"class_list":["post-1679","page","type-page","status-publish","hentry"],"blocksy_meta":[],"_links":{"self":[{"href":"https:\/\/epio.org.ar\/endio-epio-2024\/wp-json\/wp\/v2\/pages\/1679","targetHints":{"allow":["GET"]}}],"collection":[{"href":"https:\/\/epio.org.ar\/endio-epio-2024\/wp-json\/wp\/v2\/pages"}],"about":[{"href":"https:\/\/epio.org.ar\/endio-epio-2024\/wp-json\/wp\/v2\/types\/page"}],"author":[{"embeddable":true,"href":"https:\/\/epio.org.ar\/endio-epio-2024\/wp-json\/wp\/v2\/users\/2"}],"replies":[{"embeddable":true,"href":"https:\/\/epio.org.ar\/endio-epio-2024\/wp-json\/wp\/v2\/comments?post=1679"}],"version-history":[{"count":59,"href":"https:\/\/epio.org.ar\/endio-epio-2024\/wp-json\/wp\/v2\/pages\/1679\/revisions"}],"predecessor-version":[{"id":3282,"href":"https:\/\/epio.org.ar\/endio-epio-2024\/wp-json\/wp\/v2\/pages\/1679\/revisions\/3282"}],"wp:attachment":[{"href":"https:\/\/epio.org.ar\/endio-epio-2024\/wp-json\/wp\/v2\/media?parent=1679"}],"curies":[{"name":"wp","href":"https:\/\/api.w.org\/{rel}","templated":true}]}}