{"id":1637,"date":"2024-10-09T22:42:24","date_gmt":"2024-10-09T22:42:24","guid":{"rendered":"https:\/\/epio.org.ar\/endio-epio-2024\/?page_id=1637"},"modified":"2024-11-07T19:45:58","modified_gmt":"2024-11-07T19:45:58","slug":"conferencia-1","status":"publish","type":"page","link":"https:\/\/epio.org.ar\/endio-epio-2024\/conferencia-1\/","title":{"rendered":"Conferencia I"},"content":{"rendered":"\t\t<div data-elementor-type=\"wp-page\" data-elementor-id=\"1637\" class=\"elementor elementor-1637\">\n\t\t\t\t<div class=\"elementor-element elementor-element-7a302d3a e-flex e-con-boxed e-con e-parent\" data-id=\"7a302d3a\" data-element_type=\"container\">\n\t\t\t\t\t<div class=\"e-con-inner\">\n\t\t<div class=\"elementor-element elementor-element-e71e0e6 e-con-full e-flex e-con e-child\" data-id=\"e71e0e6\" data-element_type=\"container\">\n\t\t\t\t<div class=\"elementor-element elementor-element-361bca4e elementor-widget elementor-widget-text-editor\" data-id=\"361bca4e\" data-element_type=\"widget\" data-widget_type=\"text-editor.default\">\n\t\t\t\t<div class=\"elementor-widget-container\">\n\t\t\t\t\t\t\t<p>CONFERENCIA l:<\/p>\t\t\t\t\t\t<\/div>\n\t\t\t\t<\/div>\n\t\t\t\t<div class=\"elementor-element elementor-element-76cea2e elementor-widget elementor-widget-text-editor\" data-id=\"76cea2e\" data-element_type=\"widget\" data-widget_type=\"text-editor.default\">\n\t\t\t\t<div class=\"elementor-widget-container\">\n\t\t\t\t\t\t\t<p>An\u00e1lisis multicriterio en la actualidad. Principios b\u00e1sicos y usos de sus m\u00e9todos.<\/p>\t\t\t\t\t\t<\/div>\n\t\t\t\t<\/div>\n\t\t\t\t<\/div>\n\t\t\t\t\t<\/div>\n\t\t\t\t<\/div>\n\t\t<div class=\"elementor-element elementor-element-6e936fc0 e-flex e-con-boxed e-con e-parent\" data-id=\"6e936fc0\" data-element_type=\"container\" data-settings=\"{&quot;background_background&quot;:&quot;classic&quot;}\">\n\t\t\t\t\t<div class=\"e-con-inner\">\n\t\t<div class=\"elementor-element elementor-element-184c9d4f e-con-full e-flex e-con e-child\" data-id=\"184c9d4f\" data-element_type=\"container\">\n\t\t\t\t<div class=\"elementor-element elementor-element-2fad2171 elementor-widget elementor-widget-text-editor\" data-id=\"2fad2171\" data-element_type=\"widget\" data-widget_type=\"text-editor.default\">\n\t\t\t\t<div class=\"elementor-widget-container\">\n\t\t\t\t\t\t\t<h4 style=\"text-align: center;\"><span style=\"color: #ffffff;\"><strong>Fecha y Hora:<\/strong><\/span><\/h4><p style=\"text-align: center;\">Sala Virtual I.<\/p><p style=\"text-align: center;\">Mi\u00e9rcoles 23\/10 &#8211;\u00a0 de 9,00 hs a 10,00 hs.<\/p><p style=\"text-align: center;\">\u00a0<\/p>\t\t\t\t\t\t<\/div>\n\t\t\t\t<\/div>\n\t\t\t\t<\/div>\n\t\t<div class=\"elementor-element elementor-element-58ad6d47 e-con-full e-flex e-con e-child\" data-id=\"58ad6d47\" data-element_type=\"container\" data-settings=\"{&quot;background_background&quot;:&quot;classic&quot;}\">\n\t\t\t\t<div class=\"elementor-element elementor-element-5f9118bb elementor-widget elementor-widget-text-editor\" data-id=\"5f9118bb\" data-element_type=\"widget\" data-widget_type=\"text-editor.default\">\n\t\t\t\t<div class=\"elementor-widget-container\">\n\t\t\t\t\t\t\t<h4 style=\"text-align: center;\"><span style=\"color: #ffffff;\"><strong>Link de acceso:<\/strong><\/span><\/h4><p style=\"text-align: center;\">\u00a0<\/p>\t\t\t\t\t\t<\/div>\n\t\t\t\t<\/div>\n\t\t\t\t<\/div>\n\t\t\t\t\t<\/div>\n\t\t\t\t<\/div>\n\t\t<div class=\"elementor-element elementor-element-2d650bef e-flex e-con-boxed e-con e-parent\" data-id=\"2d650bef\" data-element_type=\"container\">\n\t\t\t\t\t<div class=\"e-con-inner\">\n\t\t\t\t<div class=\"elementor-element elementor-element-199c5886 elementor-widget elementor-widget-text-editor\" data-id=\"199c5886\" data-element_type=\"widget\" data-widget_type=\"text-editor.default\">\n\t\t\t\t<div class=\"elementor-widget-container\">\n\t\t\t\t\t\t\t<h4>Disertante<\/h4>\t\t\t\t\t\t<\/div>\n\t\t\t\t<\/div>\n\t\t\t\t\t<\/div>\n\t\t\t\t<\/div>\n\t\t<div class=\"elementor-element elementor-element-6e08d0f4 e-flex e-con-boxed e-con e-parent\" data-id=\"6e08d0f4\" data-element_type=\"container\">\n\t\t\t\t\t<div class=\"e-con-inner\">\n\t\t<div class=\"elementor-element elementor-element-192f9eaa e-con-full e-flex e-con e-child\" data-id=\"192f9eaa\" data-element_type=\"container\" data-settings=\"{&quot;background_background&quot;:&quot;classic&quot;}\">\n\t\t\t\t<div class=\"elementor-element elementor-element-91f1b6 elementor-widget elementor-widget-image\" data-id=\"91f1b6\" data-element_type=\"widget\" data-widget_type=\"image.default\">\n\t\t\t\t<div class=\"elementor-widget-container\">\n\t\t\t\t\t\t\t\t\t\t\t\t\t<img fetchpriority=\"high\" decoding=\"async\" width=\"1250\" height=\"1250\" src=\"https:\/\/epio.org.ar\/endio-epio-2024\/wp-content\/uploads\/2024\/10\/foto5.png\" class=\"attachment-full size-full wp-image-1845\" alt=\"\" srcset=\"https:\/\/epio.org.ar\/endio-epio-2024\/wp-content\/uploads\/2024\/10\/foto5.png 1250w, https:\/\/epio.org.ar\/endio-epio-2024\/wp-content\/uploads\/2024\/10\/foto5-300x300.png 300w, https:\/\/epio.org.ar\/endio-epio-2024\/wp-content\/uploads\/2024\/10\/foto5-1024x1024.png 1024w, https:\/\/epio.org.ar\/endio-epio-2024\/wp-content\/uploads\/2024\/10\/foto5-150x150.png 150w, https:\/\/epio.org.ar\/endio-epio-2024\/wp-content\/uploads\/2024\/10\/foto5-768x768.png 768w\" sizes=\"(max-width: 1250px) 100vw, 1250px\" \/>\t\t\t\t\t\t\t\t\t\t\t\t\t<\/div>\n\t\t\t\t<\/div>\n\t\t\t\t<\/div>\n\t\t<div class=\"elementor-element elementor-element-6beb7535 e-con-full e-flex e-con e-child\" data-id=\"6beb7535\" data-element_type=\"container\">\n\t\t\t\t<div class=\"elementor-element elementor-element-5e78fc29 elementor-widget elementor-widget-text-editor\" data-id=\"5e78fc29\" data-element_type=\"widget\" data-widget_type=\"text-editor.default\">\n\t\t\t\t<div class=\"elementor-widget-container\">\n\t\t\t\t\t\t\t<h5>Dr. Luiz Flavio Autran Monteriro Gomes<\/h5><p>Universidad Federal del ABC. Brasil.<\/p><p><a href=\"mailto:lfautranmg@gmail.com\"><strong>lfautranmg@gmail.com<\/strong><\/a><\/p>\t\t\t\t\t\t<\/div>\n\t\t\t\t<\/div>\n\t\t\t\t<\/div>\n\t\t\t\t\t<\/div>\n\t\t\t\t<\/div>\n\t\t<div class=\"elementor-element elementor-element-6197a42f e-flex e-con-boxed e-con e-parent\" data-id=\"6197a42f\" data-element_type=\"container\" data-settings=\"{&quot;background_background&quot;:&quot;classic&quot;}\">\n\t\t\t\t\t<div class=\"e-con-inner\">\n\t\t\t\t<div class=\"elementor-element elementor-element-3b974066 elementor-widget elementor-widget-spacer\" data-id=\"3b974066\" data-element_type=\"widget\" data-widget_type=\"spacer.default\">\n\t\t\t\t<div class=\"elementor-widget-container\">\n\t\t\t\t\t<div class=\"elementor-spacer\">\n\t\t\t<div class=\"elementor-spacer-inner\"><\/div>\n\t\t<\/div>\n\t\t\t\t<\/div>\n\t\t\t\t<\/div>\n\t\t\t\t<div class=\"elementor-element elementor-element-41cd744a elementor-widget elementor-widget-text-editor\" data-id=\"41cd744a\" data-element_type=\"widget\" data-widget_type=\"text-editor.default\">\n\t\t\t\t<div class=\"elementor-widget-container\">\n\t\t\t\t\t\t\t<h5>Resumen<\/h5>\t\t\t\t\t\t<\/div>\n\t\t\t\t<\/div>\n\t\t\t\t<div class=\"elementor-element elementor-element-64064dfb elementor-widget elementor-widget-text-editor\" data-id=\"64064dfb\" data-element_type=\"widget\" data-widget_type=\"text-editor.default\">\n\t\t\t\t<div class=\"elementor-widget-container\">\n\t\t\t\t\t\t\t<p>Durante la conferencia abordaremos los siguientes temas: \u00bfQu\u00e9 es un problema multicriterio? Desarrollo hist\u00f3rico. Los pioneros del An\u00e1lisis Multicriterio. Etapas. An\u00e1lisis Multicriterio y teor\u00eda de la decisi\u00f3n. Soluciones satisfactorias y soluciones \u00f3ptimas. L\u00edneas de abordaje. Las problem\u00e1ticas del An\u00e1lisis Multicriterio. Utilizaci\u00f3n relativa de m\u00e9todos seg\u00fan la base SCOPUS. M\u00e9todos cuantitativos y m\u00e9todos cualitativos. Errores posibles en la pr\u00e1ctica. Primeras lecturas para iniciaci\u00f3n en el An\u00e1lisis Multicriterio.<\/p>\t\t\t\t\t\t<\/div>\n\t\t\t\t<\/div>\n\t\t\t\t<div class=\"elementor-element elementor-element-6b2c649a elementor-widget elementor-widget-spacer\" data-id=\"6b2c649a\" data-element_type=\"widget\" data-widget_type=\"spacer.default\">\n\t\t\t\t<div class=\"elementor-widget-container\">\n\t\t\t\t\t<div class=\"elementor-spacer\">\n\t\t\t<div class=\"elementor-spacer-inner\"><\/div>\n\t\t<\/div>\n\t\t\t\t<\/div>\n\t\t\t\t<\/div>\n\t\t\t\t\t<\/div>\n\t\t\t\t<\/div>\n\t\t<div class=\"elementor-element elementor-element-fa6f29c e-flex e-con-boxed e-con e-parent\" data-id=\"fa6f29c\" data-element_type=\"container\" data-settings=\"{&quot;background_background&quot;:&quot;classic&quot;}\">\n\t\t\t\t\t<div class=\"e-con-inner\">\n\t\t\t\t<div class=\"elementor-element elementor-element-c0f9b37 elementor-widget elementor-widget-spacer\" data-id=\"c0f9b37\" data-element_type=\"widget\" data-widget_type=\"spacer.default\">\n\t\t\t\t<div class=\"elementor-widget-container\">\n\t\t\t\t\t<div class=\"elementor-spacer\">\n\t\t\t<div class=\"elementor-spacer-inner\"><\/div>\n\t\t<\/div>\n\t\t\t\t<\/div>\n\t\t\t\t<\/div>\n\t\t\t\t<div class=\"elementor-element elementor-element-4b8740e elementor-widget elementor-widget-text-editor\" data-id=\"4b8740e\" data-element_type=\"widget\" data-widget_type=\"text-editor.default\">\n\t\t\t\t<div class=\"elementor-widget-container\">\n\t\t\t\t\t\t\t<h5>CV sint\u00e9tico DISERTANTE<\/h5>\t\t\t\t\t\t<\/div>\n\t\t\t\t<\/div>\n\t\t\t\t<div class=\"elementor-element elementor-element-3404117 elementor-widget elementor-widget-text-editor\" data-id=\"3404117\" data-element_type=\"widget\" data-widget_type=\"text-editor.default\">\n\t\t\t\t<div class=\"elementor-widget-container\">\n\t\t\t\t\t\t\t<p>Luiz Flavio Autran Monteiro Gomes es Fellow del International Institute of Information Technology and Quantitative Management. Fue el primer docente de Brasil a ense\u00f1ar y hacer investigaciones en Apoyo Multicriterio a la Decisi\u00f3n. Tiene los t\u00edtulos de Doctor en Filosof\u00eda (PhD) por la Universidad de California, en Berkeley, E.U.A. (1976); de Mag\u00edster en Ciencias (MSc) por la Universidad del Estado de Michigan, E.U.A. (1970); y de Ingeniero Civil de Transportes por la Pontificia Universidad Cat\u00f3lica de Rio de Janeiro, Brasil (1968). Realiz\u00f3 estudios de pos-doctorado en la Universidad de Stuttgart, en Alemania (1985-1986). Hace investigaci\u00f3n, estudios de consultor\u00eda y orienta tesis de maestr\u00eda y de doctorado en Apoyo Multicriterio a la Decisi\u00f3n desde 1976. Es investigador de la Universidad Federal del ABC, en S\u00e3o Paulo, Brasil. Fue director presidente de la Sociedad Brasile\u00f1a de Investigaci\u00f3n Operativa (1999-2002) y primer vicepresidente de la Asociaci\u00f3n Latino-Iberoamericana de Investigaci\u00f3n Operativa (2000-2002). Vive em R\u00edo de Janeiro y frecuenta, siempre con mucho gusto y hace muchos a\u00f1os, los congresos de la EPIO.<\/p>\t\t\t\t\t\t<\/div>\n\t\t\t\t<\/div>\n\t\t\t\t<div class=\"elementor-element elementor-element-7c44980 elementor-widget elementor-widget-spacer\" data-id=\"7c44980\" data-element_type=\"widget\" data-widget_type=\"spacer.default\">\n\t\t\t\t<div class=\"elementor-widget-container\">\n\t\t\t\t\t<div class=\"elementor-spacer\">\n\t\t\t<div class=\"elementor-spacer-inner\"><\/div>\n\t\t<\/div>\n\t\t\t\t<\/div>\n\t\t\t\t<\/div>\n\t\t\t\t\t<\/div>\n\t\t\t\t<\/div>\n\t\t\t\t<\/div>\n\t\t","protected":false},"excerpt":{"rendered":"<p>CONFERENCIA l: An\u00e1lisis multicriterio en la actualidad. Principios b\u00e1sicos y usos de sus m\u00e9todos. Fecha y Hora: Sala Virtual I. Mi\u00e9rcoles 23\/10 &#8211;\u00a0 de 9,00 hs a 10,00 hs. \u00a0 Link de acceso: \u00a0 Disertante Dr. Luiz Flavio Autran Monteriro Gomes Universidad Federal del ABC. Brasil. lfautranmg@gmail.com Resumen Durante la conferencia abordaremos los siguientes temas: [&hellip;]<\/p>\n","protected":false},"author":2,"featured_media":0,"parent":0,"menu_order":0,"comment_status":"closed","ping_status":"closed","template":"","meta":{"footnotes":""},"class_list":["post-1637","page","type-page","status-publish","hentry"],"blocksy_meta":[],"_links":{"self":[{"href":"https:\/\/epio.org.ar\/endio-epio-2024\/wp-json\/wp\/v2\/pages\/1637","targetHints":{"allow":["GET"]}}],"collection":[{"href":"https:\/\/epio.org.ar\/endio-epio-2024\/wp-json\/wp\/v2\/pages"}],"about":[{"href":"https:\/\/epio.org.ar\/endio-epio-2024\/wp-json\/wp\/v2\/types\/page"}],"author":[{"embeddable":true,"href":"https:\/\/epio.org.ar\/endio-epio-2024\/wp-json\/wp\/v2\/users\/2"}],"replies":[{"embeddable":true,"href":"https:\/\/epio.org.ar\/endio-epio-2024\/wp-json\/wp\/v2\/comments?post=1637"}],"version-history":[{"count":65,"href":"https:\/\/epio.org.ar\/endio-epio-2024\/wp-json\/wp\/v2\/pages\/1637\/revisions"}],"predecessor-version":[{"id":3275,"href":"https:\/\/epio.org.ar\/endio-epio-2024\/wp-json\/wp\/v2\/pages\/1637\/revisions\/3275"}],"wp:attachment":[{"href":"https:\/\/epio.org.ar\/endio-epio-2024\/wp-json\/wp\/v2\/media?parent=1637"}],"curies":[{"name":"wp","href":"https:\/\/api.w.org\/{rel}","templated":true}]}}