{"id":1335,"date":"2024-07-21T18:07:44","date_gmt":"2024-07-21T18:07:44","guid":{"rendered":"https:\/\/epio.org.ar\/endio-epio-2024\/?page_id=1335"},"modified":"2024-11-07T19:53:13","modified_gmt":"2024-11-07T19:53:13","slug":"curso","status":"publish","type":"page","link":"https:\/\/epio.org.ar\/endio-epio-2024\/curso\/","title":{"rendered":"Curso"},"content":{"rendered":"\t\t<div data-elementor-type=\"wp-page\" data-elementor-id=\"1335\" class=\"elementor elementor-1335\">\n\t\t\t\t<div class=\"elementor-element elementor-element-5d5743c e-flex e-con-boxed e-con e-parent\" data-id=\"5d5743c\" data-element_type=\"container\">\n\t\t\t\t\t<div class=\"e-con-inner\">\n\t\t<div class=\"elementor-element elementor-element-3237672 e-con-full e-flex e-con e-child\" data-id=\"3237672\" data-element_type=\"container\">\n\t\t\t\t<div class=\"elementor-element elementor-element-d4bb919 elementor-widget elementor-widget-text-editor\" data-id=\"d4bb919\" data-element_type=\"widget\" data-widget_type=\"text-editor.default\">\n\t\t\t\t<div class=\"elementor-widget-container\">\n\t\t\t\t\t\t\t<p>CURSO:<\/p>\t\t\t\t\t\t<\/div>\n\t\t\t\t<\/div>\n\t\t\t\t<div class=\"elementor-element elementor-element-9d5df9e elementor-widget elementor-widget-text-editor\" data-id=\"9d5df9e\" data-element_type=\"widget\" data-widget_type=\"text-editor.default\">\n\t\t\t\t<div class=\"elementor-widget-container\">\n\t\t\t\t\t\t\t<p>Procesamiento y ajuste de funciones de densidad de probabilidad a un set de datos mediante el uso de Python.<\/p>\t\t\t\t\t\t<\/div>\n\t\t\t\t<\/div>\n\t\t\t\t<\/div>\n\t\t\t\t\t<\/div>\n\t\t\t\t<\/div>\n\t\t<div class=\"elementor-element elementor-element-d50e0f0 e-flex e-con-boxed e-con e-parent\" data-id=\"d50e0f0\" data-element_type=\"container\" data-settings=\"{&quot;background_background&quot;:&quot;classic&quot;}\">\n\t\t\t\t\t<div class=\"e-con-inner\">\n\t\t<div class=\"elementor-element elementor-element-3166cbc e-con-full e-flex e-con e-child\" data-id=\"3166cbc\" data-element_type=\"container\">\n\t\t\t\t<div class=\"elementor-element elementor-element-c3a3683 elementor-widget elementor-widget-text-editor\" data-id=\"c3a3683\" data-element_type=\"widget\" data-widget_type=\"text-editor.default\">\n\t\t\t\t<div class=\"elementor-widget-container\">\n\t\t\t\t\t\t\t<h4 style=\"text-align: center;\"><span style=\"color: #ffffff;\"><strong>Fecha y Hora:<\/strong><\/span><\/h4><p style=\"text-align: center;\"><strong>Parte I:<\/strong> Sala Virtual I.<\/p><p style=\"text-align: center;\">Jueves 24\/10 &#8211;\u00a0 de 14,00 hs a 15,30 hs.<\/p><p style=\"text-align: center;\"><strong>Parte II:<\/strong> Sala Virtual I.<\/p><p style=\"text-align: center;\">Jueves 24\/10 &#8211; de 16,00 hs a 17,30 hs.<\/p>\t\t\t\t\t\t<\/div>\n\t\t\t\t<\/div>\n\t\t\t\t<\/div>\n\t\t<div class=\"elementor-element elementor-element-5a114d8 e-con-full e-flex e-con e-child\" data-id=\"5a114d8\" data-element_type=\"container\" data-settings=\"{&quot;background_background&quot;:&quot;classic&quot;}\">\n\t\t\t\t<div class=\"elementor-element elementor-element-9c7f2e5 elementor-widget elementor-widget-text-editor\" data-id=\"9c7f2e5\" data-element_type=\"widget\" data-widget_type=\"text-editor.default\">\n\t\t\t\t<div class=\"elementor-widget-container\">\n\t\t\t\t\t\t\t<h4 style=\"text-align: center;\"><span style=\"color: #ffffff;\"><strong>Link de acceso:<\/strong><\/span><\/h4><p style=\"text-align: center;\">\u00a0<\/p>\t\t\t\t\t\t<\/div>\n\t\t\t\t<\/div>\n\t\t\t\t<\/div>\n\t\t\t\t\t<\/div>\n\t\t\t\t<\/div>\n\t\t<div class=\"elementor-element elementor-element-9043357 e-flex e-con-boxed e-con e-parent\" data-id=\"9043357\" data-element_type=\"container\">\n\t\t\t\t\t<div class=\"e-con-inner\">\n\t\t\t\t<div class=\"elementor-element elementor-element-b618143 elementor-widget elementor-widget-text-editor\" data-id=\"b618143\" data-element_type=\"widget\" data-widget_type=\"text-editor.default\">\n\t\t\t\t<div class=\"elementor-widget-container\">\n\t\t\t\t\t\t\t<h4>Disertantes<\/h4>\t\t\t\t\t\t<\/div>\n\t\t\t\t<\/div>\n\t\t\t\t\t<\/div>\n\t\t\t\t<\/div>\n\t\t<div class=\"elementor-element elementor-element-518217f e-flex e-con-boxed e-con e-parent\" data-id=\"518217f\" data-element_type=\"container\">\n\t\t\t\t\t<div class=\"e-con-inner\">\n\t\t<div class=\"elementor-element elementor-element-944a480 e-con-full e-flex e-con e-child\" data-id=\"944a480\" data-element_type=\"container\" data-settings=\"{&quot;background_background&quot;:&quot;classic&quot;}\">\n\t\t\t\t<div class=\"elementor-element elementor-element-2328bba elementor-widget elementor-widget-image\" data-id=\"2328bba\" data-element_type=\"widget\" data-widget_type=\"image.default\">\n\t\t\t\t<div class=\"elementor-widget-container\">\n\t\t\t\t\t\t\t\t\t\t\t\t\t<img fetchpriority=\"high\" decoding=\"async\" width=\"1250\" height=\"1250\" src=\"https:\/\/epio.org.ar\/endio-epio-2024\/wp-content\/uploads\/2024\/10\/foto1.png\" class=\"attachment-full size-full wp-image-1696\" alt=\"\" srcset=\"https:\/\/epio.org.ar\/endio-epio-2024\/wp-content\/uploads\/2024\/10\/foto1.png 1250w, https:\/\/epio.org.ar\/endio-epio-2024\/wp-content\/uploads\/2024\/10\/foto1-300x300.png 300w, https:\/\/epio.org.ar\/endio-epio-2024\/wp-content\/uploads\/2024\/10\/foto1-1024x1024.png 1024w, https:\/\/epio.org.ar\/endio-epio-2024\/wp-content\/uploads\/2024\/10\/foto1-150x150.png 150w, https:\/\/epio.org.ar\/endio-epio-2024\/wp-content\/uploads\/2024\/10\/foto1-768x768.png 768w\" sizes=\"(max-width: 1250px) 100vw, 1250px\" \/>\t\t\t\t\t\t\t\t\t\t\t\t\t<\/div>\n\t\t\t\t<\/div>\n\t\t\t\t<\/div>\n\t\t<div class=\"elementor-element elementor-element-2680d2c e-con-full e-flex e-con e-child\" data-id=\"2680d2c\" data-element_type=\"container\">\n\t\t\t\t<div class=\"elementor-element elementor-element-0812672 elementor-widget elementor-widget-text-editor\" data-id=\"0812672\" data-element_type=\"widget\" data-widget_type=\"text-editor.default\">\n\t\t\t\t<div class=\"elementor-widget-container\">\n\t\t\t\t\t\t\t<h5>Ing. \u00c9rica M. Milin<\/h5><p>Universidad Tecnol\u00f3gica Nacional. Facultad Regional Buenos Aires.<\/p><p><a href=\"mailto:emilin@frba.utn.edu.ar\"><strong>emilin@frba.utn.edu.ar<\/strong><\/a><\/p>\t\t\t\t\t\t<\/div>\n\t\t\t\t<\/div>\n\t\t\t\t<\/div>\n\t\t\t\t\t<\/div>\n\t\t\t\t<\/div>\n\t\t<div class=\"elementor-element elementor-element-a6641d2 e-flex e-con-boxed e-con e-parent\" data-id=\"a6641d2\" data-element_type=\"container\">\n\t\t\t\t\t<div class=\"e-con-inner\">\n\t\t<div class=\"elementor-element elementor-element-d454849 e-con-full e-flex e-con e-child\" data-id=\"d454849\" data-element_type=\"container\" data-settings=\"{&quot;background_background&quot;:&quot;classic&quot;}\">\n\t\t\t\t<div class=\"elementor-element elementor-element-55f84c4 elementor-widget elementor-widget-image\" data-id=\"55f84c4\" data-element_type=\"widget\" data-widget_type=\"image.default\">\n\t\t\t\t<div class=\"elementor-widget-container\">\n\t\t\t\t\t\t\t\t\t\t\t\t\t<img decoding=\"async\" width=\"1250\" height=\"1250\" data-src=\"https:\/\/epio.org.ar\/endio-epio-2024\/wp-content\/uploads\/2024\/10\/foto2.png\" class=\"attachment-full size-full wp-image-1700 lazyload\" alt=\"\" data-srcset=\"https:\/\/epio.org.ar\/endio-epio-2024\/wp-content\/uploads\/2024\/10\/foto2.png 1250w, https:\/\/epio.org.ar\/endio-epio-2024\/wp-content\/uploads\/2024\/10\/foto2-300x300.png 300w, https:\/\/epio.org.ar\/endio-epio-2024\/wp-content\/uploads\/2024\/10\/foto2-1024x1024.png 1024w, https:\/\/epio.org.ar\/endio-epio-2024\/wp-content\/uploads\/2024\/10\/foto2-150x150.png 150w, https:\/\/epio.org.ar\/endio-epio-2024\/wp-content\/uploads\/2024\/10\/foto2-768x768.png 768w\" data-sizes=\"(max-width: 1250px) 100vw, 1250px\" src=\"data:image\/gif;base64,R0lGODlhAQABAAAAACH5BAEKAAEALAAAAAABAAEAAAICTAEAOw==\" style=\"--smush-placeholder-width: 1250px; --smush-placeholder-aspect-ratio: 1250\/1250;\" \/><noscript><img decoding=\"async\" width=\"1250\" height=\"1250\" src=\"https:\/\/epio.org.ar\/endio-epio-2024\/wp-content\/uploads\/2024\/10\/foto2.png\" class=\"attachment-full size-full wp-image-1700\" alt=\"\" srcset=\"https:\/\/epio.org.ar\/endio-epio-2024\/wp-content\/uploads\/2024\/10\/foto2.png 1250w, https:\/\/epio.org.ar\/endio-epio-2024\/wp-content\/uploads\/2024\/10\/foto2-300x300.png 300w, https:\/\/epio.org.ar\/endio-epio-2024\/wp-content\/uploads\/2024\/10\/foto2-1024x1024.png 1024w, https:\/\/epio.org.ar\/endio-epio-2024\/wp-content\/uploads\/2024\/10\/foto2-150x150.png 150w, https:\/\/epio.org.ar\/endio-epio-2024\/wp-content\/uploads\/2024\/10\/foto2-768x768.png 768w\" sizes=\"(max-width: 1250px) 100vw, 1250px\" \/><\/noscript>\t\t\t\t\t\t\t\t\t\t\t\t\t<\/div>\n\t\t\t\t<\/div>\n\t\t\t\t<\/div>\n\t\t<div class=\"elementor-element elementor-element-34b17b6 e-con-full e-flex e-con e-child\" data-id=\"34b17b6\" data-element_type=\"container\">\n\t\t\t\t<div class=\"elementor-element elementor-element-424e544 elementor-widget elementor-widget-text-editor\" data-id=\"424e544\" data-element_type=\"widget\" data-widget_type=\"text-editor.default\">\n\t\t\t\t<div class=\"elementor-widget-container\">\n\t\t\t\t\t\t\t<h5>Ing. Silvia Quiroga<\/h5><p>Universidad Tecnol\u00f3gica Nacional. Facultad Regional Buenos Aires.<\/p><p><a href=\"mailto:squiroga@frba.utn.edu.ar\"><strong>squiroga@frba.utn.edu.ar<\/strong><\/a><\/p>\t\t\t\t\t\t<\/div>\n\t\t\t\t<\/div>\n\t\t\t\t<\/div>\n\t\t\t\t\t<\/div>\n\t\t\t\t<\/div>\n\t\t<div class=\"elementor-element elementor-element-123f28f e-flex e-con-boxed e-con e-parent\" data-id=\"123f28f\" data-element_type=\"container\">\n\t\t\t\t\t<div class=\"e-con-inner\">\n\t\t<div class=\"elementor-element elementor-element-31a9c81 e-con-full e-flex e-con e-child\" data-id=\"31a9c81\" data-element_type=\"container\" data-settings=\"{&quot;background_background&quot;:&quot;classic&quot;}\">\n\t\t\t\t<div class=\"elementor-element elementor-element-1d48f47 elementor-widget elementor-widget-image\" data-id=\"1d48f47\" data-element_type=\"widget\" data-widget_type=\"image.default\">\n\t\t\t\t<div class=\"elementor-widget-container\">\n\t\t\t\t\t\t\t\t\t\t\t\t\t<img decoding=\"async\" width=\"1250\" height=\"1250\" data-src=\"https:\/\/epio.org.ar\/endio-epio-2024\/wp-content\/uploads\/2024\/10\/foto3.png\" class=\"attachment-full size-full wp-image-1701 lazyload\" alt=\"\" data-srcset=\"https:\/\/epio.org.ar\/endio-epio-2024\/wp-content\/uploads\/2024\/10\/foto3.png 1250w, https:\/\/epio.org.ar\/endio-epio-2024\/wp-content\/uploads\/2024\/10\/foto3-300x300.png 300w, https:\/\/epio.org.ar\/endio-epio-2024\/wp-content\/uploads\/2024\/10\/foto3-1024x1024.png 1024w, https:\/\/epio.org.ar\/endio-epio-2024\/wp-content\/uploads\/2024\/10\/foto3-150x150.png 150w, https:\/\/epio.org.ar\/endio-epio-2024\/wp-content\/uploads\/2024\/10\/foto3-768x768.png 768w\" data-sizes=\"(max-width: 1250px) 100vw, 1250px\" src=\"data:image\/gif;base64,R0lGODlhAQABAAAAACH5BAEKAAEALAAAAAABAAEAAAICTAEAOw==\" style=\"--smush-placeholder-width: 1250px; --smush-placeholder-aspect-ratio: 1250\/1250;\" \/><noscript><img decoding=\"async\" width=\"1250\" height=\"1250\" src=\"https:\/\/epio.org.ar\/endio-epio-2024\/wp-content\/uploads\/2024\/10\/foto3.png\" class=\"attachment-full size-full wp-image-1701\" alt=\"\" srcset=\"https:\/\/epio.org.ar\/endio-epio-2024\/wp-content\/uploads\/2024\/10\/foto3.png 1250w, https:\/\/epio.org.ar\/endio-epio-2024\/wp-content\/uploads\/2024\/10\/foto3-300x300.png 300w, https:\/\/epio.org.ar\/endio-epio-2024\/wp-content\/uploads\/2024\/10\/foto3-1024x1024.png 1024w, https:\/\/epio.org.ar\/endio-epio-2024\/wp-content\/uploads\/2024\/10\/foto3-150x150.png 150w, https:\/\/epio.org.ar\/endio-epio-2024\/wp-content\/uploads\/2024\/10\/foto3-768x768.png 768w\" sizes=\"(max-width: 1250px) 100vw, 1250px\" \/><\/noscript>\t\t\t\t\t\t\t\t\t\t\t\t\t<\/div>\n\t\t\t\t<\/div>\n\t\t\t\t<\/div>\n\t\t<div class=\"elementor-element elementor-element-c16be5d e-con-full e-flex e-con e-child\" data-id=\"c16be5d\" data-element_type=\"container\">\n\t\t\t\t<div class=\"elementor-element elementor-element-e1c0e87 elementor-widget elementor-widget-text-editor\" data-id=\"e1c0e87\" data-element_type=\"widget\" data-widget_type=\"text-editor.default\">\n\t\t\t\t<div class=\"elementor-widget-container\">\n\t\t\t\t\t\t\t<h5>Ing. Hern\u00e1n Martel<\/h5><p>Universidad Tecnol\u00f3gica Nacional. Facultad Regional Buenos Aires.<\/p><p><a href=\"mailto:hmartel@frba.utn.edu.ar\"><strong>hmartel@frba.utn.edu.ar<\/strong><\/a><\/p>\t\t\t\t\t\t<\/div>\n\t\t\t\t<\/div>\n\t\t\t\t<\/div>\n\t\t\t\t\t<\/div>\n\t\t\t\t<\/div>\n\t\t<div class=\"elementor-element elementor-element-b85d404 e-flex e-con-boxed e-con e-parent\" data-id=\"b85d404\" data-element_type=\"container\">\n\t\t\t\t\t<div class=\"e-con-inner\">\n\t\t<div class=\"elementor-element elementor-element-4eafd7a e-con-full e-flex e-con e-child\" data-id=\"4eafd7a\" data-element_type=\"container\" data-settings=\"{&quot;background_background&quot;:&quot;classic&quot;}\">\n\t\t\t\t<div class=\"elementor-element elementor-element-5b32557 elementor-widget elementor-widget-image\" data-id=\"5b32557\" data-element_type=\"widget\" data-widget_type=\"image.default\">\n\t\t\t\t<div class=\"elementor-widget-container\">\n\t\t\t\t\t\t\t\t\t\t\t\t\t<img loading=\"lazy\" decoding=\"async\" width=\"1250\" height=\"1250\" data-src=\"https:\/\/epio.org.ar\/endio-epio-2024\/wp-content\/uploads\/2024\/10\/foto4.png\" class=\"attachment-full size-full wp-image-1705 lazyload\" alt=\"\" data-srcset=\"https:\/\/epio.org.ar\/endio-epio-2024\/wp-content\/uploads\/2024\/10\/foto4.png 1250w, https:\/\/epio.org.ar\/endio-epio-2024\/wp-content\/uploads\/2024\/10\/foto4-300x300.png 300w, https:\/\/epio.org.ar\/endio-epio-2024\/wp-content\/uploads\/2024\/10\/foto4-1024x1024.png 1024w, https:\/\/epio.org.ar\/endio-epio-2024\/wp-content\/uploads\/2024\/10\/foto4-150x150.png 150w, https:\/\/epio.org.ar\/endio-epio-2024\/wp-content\/uploads\/2024\/10\/foto4-768x768.png 768w\" data-sizes=\"(max-width: 1250px) 100vw, 1250px\" src=\"data:image\/gif;base64,R0lGODlhAQABAAAAACH5BAEKAAEALAAAAAABAAEAAAICTAEAOw==\" style=\"--smush-placeholder-width: 1250px; --smush-placeholder-aspect-ratio: 1250\/1250;\" \/><noscript><img loading=\"lazy\" decoding=\"async\" width=\"1250\" height=\"1250\" src=\"https:\/\/epio.org.ar\/endio-epio-2024\/wp-content\/uploads\/2024\/10\/foto4.png\" class=\"attachment-full size-full wp-image-1705\" alt=\"\" srcset=\"https:\/\/epio.org.ar\/endio-epio-2024\/wp-content\/uploads\/2024\/10\/foto4.png 1250w, https:\/\/epio.org.ar\/endio-epio-2024\/wp-content\/uploads\/2024\/10\/foto4-300x300.png 300w, https:\/\/epio.org.ar\/endio-epio-2024\/wp-content\/uploads\/2024\/10\/foto4-1024x1024.png 1024w, https:\/\/epio.org.ar\/endio-epio-2024\/wp-content\/uploads\/2024\/10\/foto4-150x150.png 150w, https:\/\/epio.org.ar\/endio-epio-2024\/wp-content\/uploads\/2024\/10\/foto4-768x768.png 768w\" sizes=\"(max-width: 1250px) 100vw, 1250px\" \/><\/noscript>\t\t\t\t\t\t\t\t\t\t\t\t\t<\/div>\n\t\t\t\t<\/div>\n\t\t\t\t<\/div>\n\t\t<div class=\"elementor-element elementor-element-a1981f6 e-con-full e-flex e-con e-child\" data-id=\"a1981f6\" data-element_type=\"container\">\n\t\t\t\t<div class=\"elementor-element elementor-element-7608fb1 elementor-widget elementor-widget-text-editor\" data-id=\"7608fb1\" data-element_type=\"widget\" data-widget_type=\"text-editor.default\">\n\t\t\t\t<div class=\"elementor-widget-container\">\n\t\t\t\t\t\t\t<h5>Ing. Rub\u00e9n Flecha<\/h5><p>Universidad Tecnol\u00f3gica Nacional. Facultad Regional Buenos Aires.<\/p><p><a href=\"mailto:rflecha@frba.utn.edu.ar\"><strong>rflecha@frba.utn.edu.ar<\/strong><\/a><\/p>\t\t\t\t\t\t<\/div>\n\t\t\t\t<\/div>\n\t\t\t\t<\/div>\n\t\t\t\t\t<\/div>\n\t\t\t\t<\/div>\n\t\t<div class=\"elementor-element elementor-element-bc123d4 e-flex e-con-boxed e-con e-parent\" data-id=\"bc123d4\" data-element_type=\"container\" data-settings=\"{&quot;background_background&quot;:&quot;classic&quot;}\">\n\t\t\t\t\t<div class=\"e-con-inner\">\n\t\t\t\t<div class=\"elementor-element elementor-element-809b8be elementor-widget elementor-widget-spacer\" data-id=\"809b8be\" data-element_type=\"widget\" data-widget_type=\"spacer.default\">\n\t\t\t\t<div class=\"elementor-widget-container\">\n\t\t\t\t\t<div class=\"elementor-spacer\">\n\t\t\t<div class=\"elementor-spacer-inner\"><\/div>\n\t\t<\/div>\n\t\t\t\t<\/div>\n\t\t\t\t<\/div>\n\t\t\t\t<div class=\"elementor-element elementor-element-bbf2c19 elementor-widget elementor-widget-text-editor\" data-id=\"bbf2c19\" data-element_type=\"widget\" data-widget_type=\"text-editor.default\">\n\t\t\t\t<div class=\"elementor-widget-container\">\n\t\t\t\t\t\t\t<h5>Universidad Tecnol\u00f3gica Nacional &#8211; Facultad Regional Buenos Aires<\/h5>\t\t\t\t\t\t<\/div>\n\t\t\t\t<\/div>\n\t\t\t\t<div class=\"elementor-element elementor-element-6adad1d elementor-widget elementor-widget-text-editor\" data-id=\"6adad1d\" data-element_type=\"widget\" data-widget_type=\"text-editor.default\">\n\t\t\t\t<div class=\"elementor-widget-container\">\n\t\t\t\t\t\t\t<p>Este taller propone una metodolog\u00eda de trabajo ordenada con la cual los participantes podr\u00e1n realizar el procesamiento b\u00e1sico de un set de datos obtenido en cualquier \u00e1mbito (ambiental, poblacional, industrial, de gesti\u00f3n, de la medicina, de la salud, de la econom\u00eda, de las finanzas, del transporte, de la f\u00edsica, etc.) y que requiera un eventual ajuste de funciones de densidad de probabilidad para poder simularlos. Esta metodolog\u00eda puede ser empleada, tanto por docentes, investigadores, alumnos, o cualquier analista que tenga la necesidad espec\u00edfica de analizar un set de datos y luego generar valores pseudo aleatorios que posean caracter\u00edsticas similares a los datos de origen.<\/p>\t\t\t\t\t\t<\/div>\n\t\t\t\t<\/div>\n\t\t\t\t<div class=\"elementor-element elementor-element-8ef6665 elementor-widget elementor-widget-spacer\" data-id=\"8ef6665\" data-element_type=\"widget\" data-widget_type=\"spacer.default\">\n\t\t\t\t<div class=\"elementor-widget-container\">\n\t\t\t\t\t<div class=\"elementor-spacer\">\n\t\t\t<div class=\"elementor-spacer-inner\"><\/div>\n\t\t<\/div>\n\t\t\t\t<\/div>\n\t\t\t\t<\/div>\n\t\t\t\t\t<\/div>\n\t\t\t\t<\/div>\n\t\t\t\t<\/div>\n\t\t","protected":false},"excerpt":{"rendered":"<p>CURSO: Procesamiento y ajuste de funciones de densidad de probabilidad a un set de datos mediante el uso de Python. Fecha y Hora: Parte I: Sala Virtual I. Jueves 24\/10 &#8211;\u00a0 de 14,00 hs a 15,30 hs. Parte II: Sala Virtual I. Jueves 24\/10 &#8211; de 16,00 hs a 17,30 hs. Link de acceso: Disertantes [&hellip;]<\/p>\n","protected":false},"author":2,"featured_media":0,"parent":0,"menu_order":0,"comment_status":"closed","ping_status":"closed","template":"","meta":{"footnotes":""},"class_list":["post-1335","page","type-page","status-publish","hentry"],"blocksy_meta":[],"_links":{"self":[{"href":"https:\/\/epio.org.ar\/endio-epio-2024\/wp-json\/wp\/v2\/pages\/1335","targetHints":{"allow":["GET"]}}],"collection":[{"href":"https:\/\/epio.org.ar\/endio-epio-2024\/wp-json\/wp\/v2\/pages"}],"about":[{"href":"https:\/\/epio.org.ar\/endio-epio-2024\/wp-json\/wp\/v2\/types\/page"}],"author":[{"embeddable":true,"href":"https:\/\/epio.org.ar\/endio-epio-2024\/wp-json\/wp\/v2\/users\/2"}],"replies":[{"embeddable":true,"href":"https:\/\/epio.org.ar\/endio-epio-2024\/wp-json\/wp\/v2\/comments?post=1335"}],"version-history":[{"count":281,"href":"https:\/\/epio.org.ar\/endio-epio-2024\/wp-json\/wp\/v2\/pages\/1335\/revisions"}],"predecessor-version":[{"id":3299,"href":"https:\/\/epio.org.ar\/endio-epio-2024\/wp-json\/wp\/v2\/pages\/1335\/revisions\/3299"}],"wp:attachment":[{"href":"https:\/\/epio.org.ar\/endio-epio-2024\/wp-json\/wp\/v2\/media?parent=1335"}],"curies":[{"name":"wp","href":"https:\/\/api.w.org\/{rel}","templated":true}]}}