{"id":10,"date":"2024-06-05T14:39:26","date_gmt":"2024-06-05T14:39:26","guid":{"rendered":"https:\/\/epio.org.ar\/endio-epio-2024\/?page_id=10"},"modified":"2024-07-20T18:30:48","modified_gmt":"2024-07-20T18:30:48","slug":"comites","status":"publish","type":"page","link":"https:\/\/epio.org.ar\/endio-epio-2024\/comites\/","title":{"rendered":"Comites"},"content":{"rendered":"\t\t<div data-elementor-type=\"wp-page\" data-elementor-id=\"10\" class=\"elementor elementor-10\">\n\t\t\t\t<div class=\"elementor-element elementor-element-cee5da7 e-flex e-con-boxed e-con e-parent\" data-id=\"cee5da7\" data-element_type=\"container\">\n\t\t\t\t\t<div class=\"e-con-inner\">\n\t\t<div class=\"elementor-element elementor-element-40e6e8f e-con-full e-flex e-con e-child\" data-id=\"40e6e8f\" data-element_type=\"container\">\n\t\t\t\t<div class=\"elementor-element elementor-element-81e735e elementor-widget elementor-widget-image\" data-id=\"81e735e\" data-element_type=\"widget\" data-widget_type=\"image.default\">\n\t\t\t\t<div class=\"elementor-widget-container\">\n\t\t\t\t\t\t\t\t\t\t\t\t\t<img fetchpriority=\"high\" decoding=\"async\" width=\"1000\" height=\"1000\" src=\"https:\/\/epio.org.ar\/endio-epio-2024\/wp-content\/uploads\/2024\/06\/Diseno-sin-titulo-2024-06-17T103636.091.png\" class=\"attachment-large size-large wp-image-1158\" alt=\"\" srcset=\"https:\/\/epio.org.ar\/endio-epio-2024\/wp-content\/uploads\/2024\/06\/Diseno-sin-titulo-2024-06-17T103636.091.png 1000w, https:\/\/epio.org.ar\/endio-epio-2024\/wp-content\/uploads\/2024\/06\/Diseno-sin-titulo-2024-06-17T103636.091-300x300.png 300w, https:\/\/epio.org.ar\/endio-epio-2024\/wp-content\/uploads\/2024\/06\/Diseno-sin-titulo-2024-06-17T103636.091-150x150.png 150w, https:\/\/epio.org.ar\/endio-epio-2024\/wp-content\/uploads\/2024\/06\/Diseno-sin-titulo-2024-06-17T103636.091-768x768.png 768w\" sizes=\"(max-width: 1000px) 100vw, 1000px\" \/>\t\t\t\t\t\t\t\t\t\t\t\t\t<\/div>\n\t\t\t\t<\/div>\n\t\t\t\t<\/div>\n\t\t<div class=\"elementor-element elementor-element-a4932f8 e-con-full e-flex e-con e-child\" data-id=\"a4932f8\" data-element_type=\"container\">\n\t\t\t\t<div class=\"elementor-element elementor-element-41e23a3 elementor-widget elementor-widget-heading\" data-id=\"41e23a3\" data-element_type=\"widget\" data-widget_type=\"heading.default\">\n\t\t\t\t<div class=\"elementor-widget-container\">\n\t\t\t<h2 class=\"elementor-heading-title elementor-size-default\">Comit\u00e9s<\/h2>\t\t<\/div>\n\t\t\t\t<\/div>\n\t\t\t\t<div class=\"elementor-element elementor-element-9507d31 elementor-widget elementor-widget-text-editor\" data-id=\"9507d31\" data-element_type=\"widget\" data-widget_type=\"text-editor.default\">\n\t\t\t\t<div class=\"elementor-widget-container\">\n\t\t\t\t\t\t\t<h5>Comit\u00e9 cient\u00edfico<\/h5>\t\t\t\t\t\t<\/div>\n\t\t\t\t<\/div>\n\t\t\t\t<div class=\"elementor-element elementor-element-6e7c2c4 elementor-widget elementor-widget-text-editor\" data-id=\"6e7c2c4\" data-element_type=\"widget\" data-widget_type=\"text-editor.default\">\n\t\t\t\t<div class=\"elementor-widget-container\">\n\t\t\t\t\t\t\t<ul><li>Dr. Luiz Autran Monteiro Gomez. IBMEC-RJ, Brasil<\/li><li>Dra. Bego\u00f1a Gonz\u00e1lez Landin. Universidad de las Palmas de Gran Canaria, Espa\u00f1a. (ULPGC)<\/li><li>Dr. M\u00e1ximo Mendez. Universidad de las Palmas de Gran Canaria, Espa\u00f1a. (ULPGC)<\/li><li>Dra. Laura Plazola Zamora. Universidad de Guadalajara, M\u00e9xico<\/li><li>Dra. Carmen Belderrain. Instituto Tecnol\u00f3gico Aeron\u00e1utico, Brasil<\/li><li>Ing. Horacio Rojo. Universidad de Buenos Aires, Argentina<\/li><li>Dra. Catalina Alberto. Universidad Nacional de C\u00f3rdoba, Argentina<\/li><li>Dr. Jos\u00e9 Luis Zanazzi. Universidad Nacional de C\u00f3rdoba, Argentina<\/li><li>Dra. Fernanda Villarreal. Universidad Nacional del Sur y CONICET, Argentina<\/li><li>Dra. Mariana Funes. Universidad Nacional de C\u00f3rdoba, Argentina<\/li><li>Dr. Mariano Frutos. Universidad Nacional del Sur y CONICET, Argentina<\/li><li>Dra. Mar\u00eda Alejandra Castellini. Universidad de Buenos Aires, Argentina<\/li><li>Dra. Mar\u00eda del Carmen Romero. Universidad Nacional del Centro de la Provincia de Buenos Aires, Argentina<\/li><li>Lic. Liliana Garc\u00eda. Universidad Nacional del Sur, Argentina<\/li><li>Mg. Claudia Carignano. Universidad Nacional de C\u00f3rdoba, Argentina<\/li><li>Esp. Marcelo Medina Galv\u00e1n. Universidad Nacional de Tucum\u00e1n, Argentina<\/li><li>Mg. Patricia I\u00f1iguez. Universidad Nacional de R\u00edo Cuarto, Argentina<\/li><li>Dra. Claudia Peretto. Universidad Nacional de C\u00f3rdoba, Argentina<\/li><li>Dr. Fabio Miguel. Universidad Nacional de R\u00edo Negro, Argentina.<\/li><li>Dr. Ing. Adolfo Onaine. Universidad Nacional de Mar del Plata, Argentina.<\/li><li>Mg. Alejandra Esteban. Universidad Nacional de Mar del Plata, Argentina<\/li><li>Dr. Diego Rossit. Universidad Nacional del Sur, Argentina<\/li><li>Mg. Silvia Ramos. Universidad de Buenos Aires, Argentina<\/li><li>Mg. Alicia Salamon. Universidad Nacional de C\u00f3rdoba, Argentina<\/li><li>Ing. \u00c9rica Milin. Universidad Tecnologica Nacional Facultad Regional Buenos Aires<\/li><li>Mg. Daniel Pontelli. Universidad Nacional de C\u00f3rdoba, Argentina<\/li><li>Esp. Jos\u00e9 Francisco Zanazzi. Universidad Nacional de C\u00f3rdoba, Argentina<\/li><li>Ing. Mariela Ambr\u00fastolo. Universidad Nacional de Mar del Plata, Argentina<\/li><li>Mg. Mariana Arbur\u00faa. Universidad Nacional de R\u00edo Cuarto, Argentina<\/li><li>Mg. Hern\u00e1n Guevel. Universidad Nacional de C\u00f3rdoba, Argentina<\/li><li>Mg. Nadia Luczywo. Universidad Nacional de C\u00f3rdoba, Argentina<\/li><li>Cra. Josefina Racagni. Universidad Nacional de C\u00f3rdoba, Argentina<\/li><\/ul>\t\t\t\t\t\t<\/div>\n\t\t\t\t<\/div>\n\t\t\t\t<\/div>\n\t\t\t\t\t<\/div>\n\t\t\t\t<\/div>\n\t\t<div class=\"elementor-element elementor-element-0cf81dc e-flex e-con-boxed e-con e-parent\" data-id=\"0cf81dc\" data-element_type=\"container\" data-settings=\"{&quot;background_background&quot;:&quot;classic&quot;}\">\n\t\t\t\t\t<div class=\"e-con-inner\">\n\t\t<div class=\"elementor-element elementor-element-f63c296 e-con-full e-flex e-con e-child\" data-id=\"f63c296\" data-element_type=\"container\" data-settings=\"{&quot;background_background&quot;:&quot;classic&quot;}\">\n\t\t\t\t<div class=\"elementor-element elementor-element-9f67310 elementor-widget elementor-widget-image\" data-id=\"9f67310\" data-element_type=\"widget\" data-widget_type=\"image.default\">\n\t\t\t\t<div class=\"elementor-widget-container\">\n\t\t\t\t\t\t\t\t\t\t\t\t\t<img decoding=\"async\" width=\"500\" height=\"200\" data-src=\"https:\/\/epio.org.ar\/endio-epio-2024\/wp-content\/uploads\/2024\/06\/Diseno-sin-titulo-2024-06-18T110115.220.png\" class=\"attachment-large size-large wp-image-1271 lazyload\" alt=\"\" data-srcset=\"https:\/\/epio.org.ar\/endio-epio-2024\/wp-content\/uploads\/2024\/06\/Diseno-sin-titulo-2024-06-18T110115.220.png 500w, https:\/\/epio.org.ar\/endio-epio-2024\/wp-content\/uploads\/2024\/06\/Diseno-sin-titulo-2024-06-18T110115.220-300x120.png 300w\" data-sizes=\"(max-width: 500px) 100vw, 500px\" src=\"data:image\/gif;base64,R0lGODlhAQABAAAAACH5BAEKAAEALAAAAAABAAEAAAICTAEAOw==\" style=\"--smush-placeholder-width: 500px; --smush-placeholder-aspect-ratio: 500\/200;\" \/><noscript><img decoding=\"async\" width=\"500\" height=\"200\" src=\"https:\/\/epio.org.ar\/endio-epio-2024\/wp-content\/uploads\/2024\/06\/Diseno-sin-titulo-2024-06-18T110115.220.png\" class=\"attachment-large size-large wp-image-1271\" alt=\"\" srcset=\"https:\/\/epio.org.ar\/endio-epio-2024\/wp-content\/uploads\/2024\/06\/Diseno-sin-titulo-2024-06-18T110115.220.png 500w, https:\/\/epio.org.ar\/endio-epio-2024\/wp-content\/uploads\/2024\/06\/Diseno-sin-titulo-2024-06-18T110115.220-300x120.png 300w\" sizes=\"(max-width: 500px) 100vw, 500px\" \/><\/noscript>\t\t\t\t\t\t\t\t\t\t\t\t\t<\/div>\n\t\t\t\t<\/div>\n\t\t\t\t<\/div>\n\t\t<div class=\"elementor-element elementor-element-5489b84 e-con-full e-flex e-con e-child\" data-id=\"5489b84\" data-element_type=\"container\">\n\t\t\t\t<div class=\"elementor-element elementor-element-9699eed elementor-widget elementor-widget-text-editor\" data-id=\"9699eed\" data-element_type=\"widget\" data-widget_type=\"text-editor.default\">\n\t\t\t\t<div class=\"elementor-widget-container\">\n\t\t\t\t\t\t\t<h5>Comit\u00e9 organizador local<\/h5>\t\t\t\t\t\t<\/div>\n\t\t\t\t<\/div>\n\t\t\t\t<div class=\"elementor-element elementor-element-9ee1797 elementor-widget elementor-widget-text-editor\" data-id=\"9ee1797\" data-element_type=\"widget\" data-widget_type=\"text-editor.default\">\n\t\t\t\t<div class=\"elementor-widget-container\">\n\t\t\t\t\t\t\t<ul><li>Prof. Mariana Arburua<\/li><li>Prof. Mat\u00edas E. Battaglino Vassallo<\/li><li>Prof. Cecilia Bressan<\/li><li>Prof. Juan M. Gallardo<\/li><li>Prof. Patricia A. I\u00f1iguez<\/li><li>Prof. Fernando J. Negro<\/li><li>Prof. Pablo Pagano<\/li><\/ul>\t\t\t\t\t\t<\/div>\n\t\t\t\t<\/div>\n\t\t\t\t<\/div>\n\t\t\t\t\t<\/div>\n\t\t\t\t<\/div>\n\t\t\t\t<\/div>\n\t\t","protected":false},"excerpt":{"rendered":"<p>Comit\u00e9s Comit\u00e9 cient\u00edfico Dr. Luiz Autran Monteiro Gomez. IBMEC-RJ, Brasil Dra. Bego\u00f1a Gonz\u00e1lez Landin. Universidad de las Palmas de Gran Canaria, Espa\u00f1a. (ULPGC) Dr. M\u00e1ximo Mendez. Universidad de las Palmas de Gran Canaria, Espa\u00f1a. (ULPGC) Dra. Laura Plazola Zamora. Universidad de Guadalajara, M\u00e9xico Dra. Carmen Belderrain. Instituto Tecnol\u00f3gico Aeron\u00e1utico, Brasil Ing. Horacio Rojo. Universidad de [&hellip;]<\/p>\n","protected":false},"author":2,"featured_media":0,"parent":0,"menu_order":0,"comment_status":"closed","ping_status":"closed","template":"","meta":{"footnotes":""},"class_list":["post-10","page","type-page","status-publish","hentry"],"blocksy_meta":[],"_links":{"self":[{"href":"https:\/\/epio.org.ar\/endio-epio-2024\/wp-json\/wp\/v2\/pages\/10","targetHints":{"allow":["GET"]}}],"collection":[{"href":"https:\/\/epio.org.ar\/endio-epio-2024\/wp-json\/wp\/v2\/pages"}],"about":[{"href":"https:\/\/epio.org.ar\/endio-epio-2024\/wp-json\/wp\/v2\/types\/page"}],"author":[{"embeddable":true,"href":"https:\/\/epio.org.ar\/endio-epio-2024\/wp-json\/wp\/v2\/users\/2"}],"replies":[{"embeddable":true,"href":"https:\/\/epio.org.ar\/endio-epio-2024\/wp-json\/wp\/v2\/comments?post=10"}],"version-history":[{"count":93,"href":"https:\/\/epio.org.ar\/endio-epio-2024\/wp-json\/wp\/v2\/pages\/10\/revisions"}],"predecessor-version":[{"id":1313,"href":"https:\/\/epio.org.ar\/endio-epio-2024\/wp-json\/wp\/v2\/pages\/10\/revisions\/1313"}],"wp:attachment":[{"href":"https:\/\/epio.org.ar\/endio-epio-2024\/wp-json\/wp\/v2\/media?parent=10"}],"curies":[{"name":"wp","href":"https:\/\/api.w.org\/{rel}","templated":true}]}}